{"id":144,"date":"2024-01-24T16:26:28","date_gmt":"2024-01-24T16:26:28","guid":{"rendered":"https:\/\/ibis-istanbul-tuzla.accorv2prod.decms.eu\/accommodation\/"},"modified":"2024-01-30T19:07:52","modified_gmt":"2024-01-30T19:07:52","slug":"konaklama","status":"publish","type":"page","link":"https:\/\/www.ibisistanbultuzla.com\/tr\/konaklama\/","title":{"rendered":"Konaklama"},"content":{"rendered":"<p>Ibis Tuzla Otel odalar\u0131nda konforun ve zarafetin tad\u0131n\u0131 \u00e7\u0131kar\u0131n.<\/p>\n<p>Modern tasar\u0131ma sahip geni\u015f ve klimal\u0131 odalarda, rahat\u0131n\u0131z i\u00e7in d\u00fc\u015f\u00fcn\u00fclm\u00fc\u015f t\u00fcm detaylar bulunmaktad\u0131r. Kahve ve \u00e7ay yapma imkanlar\u0131, g\u00fcvenli kutu, minibar ve \u00fccretsiz mineralli su ile donat\u0131lm\u0131\u015f odalar\u0131m\u0131zda huzurlu bir konaklama ge\u00e7irin.<\/p>\n<p>Ayr\u0131ca, \u00f6zel otopark\u0131m\u0131zda arac\u0131n\u0131z\u0131 g\u00fcvenle park edebilirsiniz.<\/p>\n<p>Ibis Tuzla Otel odalar\u0131, i\u015f seyahatleri ve tatilciler i\u00e7in m\u00fckemmel bir tercihtir. Modern konfor ve s\u0131cak atmosfer ile unutulmaz bir konaklama deneyimi i\u00e7in hemen rezervasyon yap\u0131n!<\/p>\n","protected":false},"excerpt":{"rendered":"<p>Ibis Tuzla Otel odalar\u0131nda konforun ve zarafetin tad\u0131n\u0131 \u00e7\u0131kar\u0131n. Modern tasar\u0131ma sahip geni\u015f ve klimal\u0131 odalarda, rahat\u0131n\u0131z i\u00e7in d\u00fc\u015f\u00fcn\u00fclm\u00fc\u015f t\u00fcm detaylar bulunmaktad\u0131r. Kahve ve \u00e7ay yapma imkanlar\u0131, g\u00fcvenli kutu, minibar ve \u00fccretsiz mineralli su ile donat\u0131lm\u0131\u015f odalar\u0131m\u0131zda huzurlu bir konaklama ge\u00e7irin. Ayr\u0131ca, \u00f6zel otopark\u0131m\u0131zda arac\u0131n\u0131z\u0131 g\u00fcvenle park edebilirsiniz. Ibis Tuzla Otel odalar\u0131, i\u015f seyahatleri ve [&hellip;]<\/p>\n","protected":false},"author":50,"featured_media":0,"parent":0,"menu_order":5,"comment_status":"closed","ping_status":"closed","template":"template-rooms.php","meta":{"footnotes":""},"categories":[],"class_list":["post-144","page","type-page","status-publish","hentry"],"acf":[],"yoast_head":"<!-- This site is optimized with the Yoast SEO plugin v26.9 - https:\/\/yoast.com\/product\/yoast-seo-wordpress\/ -->\n<title>Ibis Tuzla Otel Odalar\u0131 | Modern Konfor ve Zarafet: Unutulmaz Bir Konaklama \u0130\u00e7in<\/title>\n<meta name=\"description\" content=\"Ibis Tuzla Otel odalar\u0131nda konfor ve \u015f\u0131kl\u0131\u011f\u0131 ke\u015ffedin. Modern tasar\u0131ml\u0131 odalar, rahat\u0131n\u0131z i\u00e7in ideal. Hemen rezervasyon yap\u0131n!\" \/>\n<meta name=\"robots\" content=\"index, follow, max-snippet:-1, max-image-preview:large, max-video-preview:-1\" \/>\n<link rel=\"canonical\" href=\"https:\/\/www.ibisistanbultuzla.com\/tr\/konaklama\/\" \/>\n<meta property=\"og:locale\" content=\"tr_TR\" \/>\n<meta property=\"og:type\" content=\"article\" \/>\n<meta property=\"og:title\" content=\"Ibis Tuzla Otel Odalar\u0131 | Modern Konfor ve Zarafet: Unutulmaz Bir Konaklama \u0130\u00e7in\" \/>\n<meta property=\"og:description\" content=\"Ibis Tuzla Otel odalar\u0131nda konfor ve \u015f\u0131kl\u0131\u011f\u0131 ke\u015ffedin. Modern tasar\u0131ml\u0131 odalar, rahat\u0131n\u0131z i\u00e7in ideal. Hemen rezervasyon yap\u0131n!\" \/>\n<meta property=\"og:url\" content=\"https:\/\/www.ibisistanbultuzla.com\/tr\/konaklama\/\" \/>\n<meta property=\"og:site_name\" content=\"ibis Istanbul Tuzla\" \/>\n<meta property=\"article:publisher\" content=\"https:\/\/www.facebook.com\/ibisistanbultuzla\" \/>\n<meta property=\"article:modified_time\" content=\"2024-01-30T19:07:52+00:00\" \/>\n<meta name=\"twitter:card\" content=\"summary_large_image\" \/>\n<meta name=\"twitter:label1\" content=\"Tahmini okuma s\u00fcresi\" \/>\n\t<meta name=\"twitter:data1\" content=\"1 dakika\" \/>\n<script type=\"application\/ld+json\" class=\"yoast-schema-graph\">{\"@context\":\"https:\/\/schema.org\",\"@graph\":[{\"@type\":\"WebPage\",\"@id\":\"https:\/\/www.ibisistanbultuzla.com\/tr\/konaklama\/\",\"url\":\"https:\/\/www.ibisistanbultuzla.com\/tr\/konaklama\/\",\"name\":\"Ibis Tuzla Otel Odalar\u0131 | Modern Konfor ve Zarafet: Unutulmaz Bir Konaklama \u0130\u00e7in\",\"isPartOf\":{\"@id\":\"https:\/\/www.ibisistanbultuzla.com\/#website\"},\"datePublished\":\"2024-01-24T16:26:28+00:00\",\"dateModified\":\"2024-01-30T19:07:52+00:00\",\"description\":\"Ibis Tuzla Otel odalar\u0131nda konfor ve \u015f\u0131kl\u0131\u011f\u0131 ke\u015ffedin. Modern tasar\u0131ml\u0131 odalar, rahat\u0131n\u0131z i\u00e7in ideal. Hemen rezervasyon yap\u0131n!\",\"breadcrumb\":{\"@id\":\"https:\/\/www.ibisistanbultuzla.com\/tr\/konaklama\/#breadcrumb\"},\"inLanguage\":\"tr\",\"potentialAction\":[{\"@type\":\"ReadAction\",\"target\":[\"https:\/\/www.ibisistanbultuzla.com\/tr\/konaklama\/\"]}]},{\"@type\":\"BreadcrumbList\",\"@id\":\"https:\/\/www.ibisistanbultuzla.com\/tr\/konaklama\/#breadcrumb\",\"itemListElement\":[{\"@type\":\"ListItem\",\"position\":1,\"name\":\"Home\",\"item\":\"https:\/\/www.ibisistanbultuzla.com\/tr\/\"},{\"@type\":\"ListItem\",\"position\":2,\"name\":\"Konaklama\"}]},{\"@type\":\"WebSite\",\"@id\":\"https:\/\/www.ibisistanbultuzla.com\/#website\",\"url\":\"https:\/\/www.ibisistanbultuzla.com\/\",\"name\":\"ibis Istanbul Tuzla\",\"description\":\"\",\"potentialAction\":[{\"@type\":\"SearchAction\",\"target\":{\"@type\":\"EntryPoint\",\"urlTemplate\":\"https:\/\/www.ibisistanbultuzla.com\/?s={search_term_string}\"},\"query-input\":{\"@type\":\"PropertyValueSpecification\",\"valueRequired\":true,\"valueName\":\"search_term_string\"}}],\"inLanguage\":\"tr\"}]}<\/script>\n<!-- \/ Yoast SEO plugin. -->","yoast_head_json":{"title":"Ibis Tuzla Otel Odalar\u0131 | Modern Konfor ve Zarafet: Unutulmaz Bir Konaklama \u0130\u00e7in","description":"Ibis Tuzla Otel odalar\u0131nda konfor ve \u015f\u0131kl\u0131\u011f\u0131 ke\u015ffedin. Modern tasar\u0131ml\u0131 odalar, rahat\u0131n\u0131z i\u00e7in ideal. Hemen rezervasyon yap\u0131n!","robots":{"index":"index","follow":"follow","max-snippet":"max-snippet:-1","max-image-preview":"max-image-preview:large","max-video-preview":"max-video-preview:-1"},"canonical":"https:\/\/www.ibisistanbultuzla.com\/tr\/konaklama\/","og_locale":"tr_TR","og_type":"article","og_title":"Ibis Tuzla Otel Odalar\u0131 | Modern Konfor ve Zarafet: Unutulmaz Bir Konaklama \u0130\u00e7in","og_description":"Ibis Tuzla Otel odalar\u0131nda konfor ve \u015f\u0131kl\u0131\u011f\u0131 ke\u015ffedin. Modern tasar\u0131ml\u0131 odalar, rahat\u0131n\u0131z i\u00e7in ideal. Hemen rezervasyon yap\u0131n!","og_url":"https:\/\/www.ibisistanbultuzla.com\/tr\/konaklama\/","og_site_name":"ibis Istanbul Tuzla","article_publisher":"https:\/\/www.facebook.com\/ibisistanbultuzla","article_modified_time":"2024-01-30T19:07:52+00:00","twitter_card":"summary_large_image","twitter_misc":{"Tahmini okuma s\u00fcresi":"1 dakika"},"schema":{"@context":"https:\/\/schema.org","@graph":[{"@type":"WebPage","@id":"https:\/\/www.ibisistanbultuzla.com\/tr\/konaklama\/","url":"https:\/\/www.ibisistanbultuzla.com\/tr\/konaklama\/","name":"Ibis Tuzla Otel Odalar\u0131 | Modern Konfor ve Zarafet: Unutulmaz Bir Konaklama \u0130\u00e7in","isPartOf":{"@id":"https:\/\/www.ibisistanbultuzla.com\/#website"},"datePublished":"2024-01-24T16:26:28+00:00","dateModified":"2024-01-30T19:07:52+00:00","description":"Ibis Tuzla Otel odalar\u0131nda konfor ve \u015f\u0131kl\u0131\u011f\u0131 ke\u015ffedin. Modern tasar\u0131ml\u0131 odalar, rahat\u0131n\u0131z i\u00e7in ideal. Hemen rezervasyon yap\u0131n!","breadcrumb":{"@id":"https:\/\/www.ibisistanbultuzla.com\/tr\/konaklama\/#breadcrumb"},"inLanguage":"tr","potentialAction":[{"@type":"ReadAction","target":["https:\/\/www.ibisistanbultuzla.com\/tr\/konaklama\/"]}]},{"@type":"BreadcrumbList","@id":"https:\/\/www.ibisistanbultuzla.com\/tr\/konaklama\/#breadcrumb","itemListElement":[{"@type":"ListItem","position":1,"name":"Home","item":"https:\/\/www.ibisistanbultuzla.com\/tr\/"},{"@type":"ListItem","position":2,"name":"Konaklama"}]},{"@type":"WebSite","@id":"https:\/\/www.ibisistanbultuzla.com\/#website","url":"https:\/\/www.ibisistanbultuzla.com\/","name":"ibis Istanbul Tuzla","description":"","potentialAction":[{"@type":"SearchAction","target":{"@type":"EntryPoint","urlTemplate":"https:\/\/www.ibisistanbultuzla.com\/?s={search_term_string}"},"query-input":{"@type":"PropertyValueSpecification","valueRequired":true,"valueName":"search_term_string"}}],"inLanguage":"tr"}]}},"_links":{"self":[{"href":"https:\/\/www.ibisistanbultuzla.com\/tr\/wp-json\/wp\/v2\/pages\/144","targetHints":{"allow":["GET"]}}],"collection":[{"href":"https:\/\/www.ibisistanbultuzla.com\/tr\/wp-json\/wp\/v2\/pages"}],"about":[{"href":"https:\/\/www.ibisistanbultuzla.com\/tr\/wp-json\/wp\/v2\/types\/page"}],"author":[{"embeddable":true,"href":"https:\/\/www.ibisistanbultuzla.com\/tr\/wp-json\/wp\/v2\/users\/50"}],"replies":[{"embeddable":true,"href":"https:\/\/www.ibisistanbultuzla.com\/tr\/wp-json\/wp\/v2\/comments?post=144"}],"version-history":[{"count":0,"href":"https:\/\/www.ibisistanbultuzla.com\/tr\/wp-json\/wp\/v2\/pages\/144\/revisions"}],"wp:attachment":[{"href":"https:\/\/www.ibisistanbultuzla.com\/tr\/wp-json\/wp\/v2\/media?parent=144"}],"wp:term":[{"taxonomy":"category","embeddable":true,"href":"https:\/\/www.ibisistanbultuzla.com\/tr\/wp-json\/wp\/v2\/categories?post=144"}],"curies":[{"name":"wp","href":"https:\/\/api.w.org\/{rel}","templated":true}]}}