{"id":152,"date":"2024-01-30T13:27:33","date_gmt":"2024-01-30T13:27:33","guid":{"rendered":"https:\/\/ibis-istanbul-tuzla.accorv2prod.decms.eu\/konaklama\/standart-2-ayri-yatakli-oda\/"},"modified":"2026-03-26T22:25:55","modified_gmt":"2026-03-26T22:25:55","slug":"standart-2-ayri-yatakli-oda","status":"publish","type":"page","link":"https:\/\/www.ibisistanbultuzla.com\/tr\/konaklama\/standart-2-ayri-yatakli-oda\/","title":{"rendered":"Standart 2 Ayr\u0131 Yatakl\u0131 Oda"},"content":{"rendered":"<p>Modern ve davetkar, Ibis Tuzla Hotel&#8217;in twin yatakl\u0131 odalar\u0131 konforu yeniden tan\u0131ml\u0131yor.<\/p>\n<p>Her birinde \u00f6zel banyo, iki rahat tek ki\u015filik yatak, \u015f\u0131k dekor, ah\u015fap zemin, d\u00fcz ekran TV ve \u00fccretsiz WIFI eri\u015fimi bulunuyor.<\/p>\n<p>Stil ve fonksiyonelli\u011fin m\u00fckemmel bir birle\u015fiminde keyifli bir konaklama sizi bekliyor.<\/p>\n","protected":false},"excerpt":{"rendered":"<p>Modern ve davetkar, Ibis Tuzla Hotel&#8217;in twin yatakl\u0131 odalar\u0131 konforu yeniden tan\u0131ml\u0131yor. Her birinde \u00f6zel banyo, iki rahat tek ki\u015filik yatak, \u015f\u0131k dekor, ah\u015fap zemin, d\u00fcz ekran TV ve \u00fccretsiz WIFI eri\u015fimi bulunuyor. Stil ve fonksiyonelli\u011fin m\u00fckemmel bir birle\u015fiminde keyifli bir konaklama sizi bekliyor.<\/p>\n","protected":false},"author":50,"featured_media":0,"parent":144,"menu_order":9,"comment_status":"closed","ping_status":"closed","template":"template-room.php","meta":{"footnotes":""},"categories":[],"class_list":["post-152","page","type-page","status-publish","hentry"],"acf":[],"yoast_head":"<!-- This site is optimized with the Yoast SEO plugin v26.9 - https:\/\/yoast.com\/product\/yoast-seo-wordpress\/ -->\n<title>Ibis Tuzla Hotel&#039;deki \u00c7ift Ki\u015filik Yatakl\u0131 Odalar | Esnek Konfor<\/title>\n<meta name=\"description\" content=\"Ibis Tuzla Hotel&#039;deki \u00c7ift Ki\u015filik Yatakl\u0131 Odalarda esnek konfor sizi bekliyor. Hemen rezervasyon yap\u0131n ve rahatl\u0131\u011f\u0131n tad\u0131n\u0131 \u00e7\u0131kar\u0131n\" \/>\n<meta name=\"robots\" content=\"index, follow, max-snippet:-1, max-image-preview:large, max-video-preview:-1\" \/>\n<link rel=\"canonical\" href=\"https:\/\/www.ibisistanbultuzla.com\/tr\/konaklama\/standart-2-ayri-yatakli-oda\/\" \/>\n<meta property=\"og:locale\" content=\"tr_TR\" \/>\n<meta property=\"og:type\" content=\"article\" \/>\n<meta property=\"og:title\" content=\"Ibis Tuzla Hotel&#039;deki \u00c7ift Ki\u015filik Yatakl\u0131 Odalar | Esnek Konfor\" \/>\n<meta property=\"og:description\" content=\"Ibis Tuzla Hotel&#039;deki \u00c7ift Ki\u015filik Yatakl\u0131 Odalarda esnek konfor sizi bekliyor. Hemen rezervasyon yap\u0131n ve rahatl\u0131\u011f\u0131n tad\u0131n\u0131 \u00e7\u0131kar\u0131n\" \/>\n<meta property=\"og:url\" content=\"https:\/\/www.ibisistanbultuzla.com\/tr\/konaklama\/standart-2-ayri-yatakli-oda\/\" \/>\n<meta property=\"og:site_name\" content=\"ibis Istanbul Tuzla\" \/>\n<meta property=\"article:publisher\" content=\"https:\/\/www.facebook.com\/ibisistanbultuzla\" \/>\n<meta property=\"article:modified_time\" content=\"2026-03-26T22:25:55+00:00\" \/>\n<meta name=\"twitter:card\" content=\"summary_large_image\" \/>\n<meta name=\"twitter:label1\" content=\"Tahmini okuma s\u00fcresi\" \/>\n\t<meta name=\"twitter:data1\" content=\"1 dakika\" \/>\n<script type=\"application\/ld+json\" class=\"yoast-schema-graph\">{\"@context\":\"https:\/\/schema.org\",\"@graph\":[{\"@type\":\"WebPage\",\"@id\":\"https:\/\/www.ibisistanbultuzla.com\/tr\/konaklama\/standart-2-ayri-yatakli-oda\/\",\"url\":\"https:\/\/www.ibisistanbultuzla.com\/tr\/konaklama\/standart-2-ayri-yatakli-oda\/\",\"name\":\"Ibis Tuzla Hotel'deki \u00c7ift Ki\u015filik Yatakl\u0131 Odalar | Esnek Konfor\",\"isPartOf\":{\"@id\":\"https:\/\/www.ibisistanbultuzla.com\/#website\"},\"datePublished\":\"2024-01-30T13:27:33+00:00\",\"dateModified\":\"2026-03-26T22:25:55+00:00\",\"description\":\"Ibis Tuzla Hotel'deki \u00c7ift Ki\u015filik Yatakl\u0131 Odalarda esnek konfor sizi bekliyor. Hemen rezervasyon yap\u0131n ve rahatl\u0131\u011f\u0131n tad\u0131n\u0131 \u00e7\u0131kar\u0131n\",\"breadcrumb\":{\"@id\":\"https:\/\/www.ibisistanbultuzla.com\/tr\/konaklama\/standart-2-ayri-yatakli-oda\/#breadcrumb\"},\"inLanguage\":\"tr\",\"potentialAction\":[{\"@type\":\"ReadAction\",\"target\":[\"https:\/\/www.ibisistanbultuzla.com\/tr\/konaklama\/standart-2-ayri-yatakli-oda\/\"]}]},{\"@type\":\"BreadcrumbList\",\"@id\":\"https:\/\/www.ibisistanbultuzla.com\/tr\/konaklama\/standart-2-ayri-yatakli-oda\/#breadcrumb\",\"itemListElement\":[{\"@type\":\"ListItem\",\"position\":1,\"name\":\"Home\",\"item\":\"https:\/\/www.ibisistanbultuzla.com\/tr\/\"},{\"@type\":\"ListItem\",\"position\":2,\"name\":\"Konaklama\",\"item\":\"https:\/\/www.ibisistanbultuzla.com\/tr\/accommodation\/\"},{\"@type\":\"ListItem\",\"position\":3,\"name\":\"Standart 2 Ayr\u0131 Yatakl\u0131 Oda\"}]},{\"@type\":\"WebSite\",\"@id\":\"https:\/\/www.ibisistanbultuzla.com\/#website\",\"url\":\"https:\/\/www.ibisistanbultuzla.com\/\",\"name\":\"ibis Istanbul Tuzla\",\"description\":\"\",\"potentialAction\":[{\"@type\":\"SearchAction\",\"target\":{\"@type\":\"EntryPoint\",\"urlTemplate\":\"https:\/\/www.ibisistanbultuzla.com\/?s={search_term_string}\"},\"query-input\":{\"@type\":\"PropertyValueSpecification\",\"valueRequired\":true,\"valueName\":\"search_term_string\"}}],\"inLanguage\":\"tr\"}]}<\/script>\n<!-- \/ Yoast SEO plugin. -->","yoast_head_json":{"title":"Ibis Tuzla Hotel'deki \u00c7ift Ki\u015filik Yatakl\u0131 Odalar | Esnek Konfor","description":"Ibis Tuzla Hotel'deki \u00c7ift Ki\u015filik Yatakl\u0131 Odalarda esnek konfor sizi bekliyor. Hemen rezervasyon yap\u0131n ve rahatl\u0131\u011f\u0131n tad\u0131n\u0131 \u00e7\u0131kar\u0131n","robots":{"index":"index","follow":"follow","max-snippet":"max-snippet:-1","max-image-preview":"max-image-preview:large","max-video-preview":"max-video-preview:-1"},"canonical":"https:\/\/www.ibisistanbultuzla.com\/tr\/konaklama\/standart-2-ayri-yatakli-oda\/","og_locale":"tr_TR","og_type":"article","og_title":"Ibis Tuzla Hotel'deki \u00c7ift Ki\u015filik Yatakl\u0131 Odalar | Esnek Konfor","og_description":"Ibis Tuzla Hotel'deki \u00c7ift Ki\u015filik Yatakl\u0131 Odalarda esnek konfor sizi bekliyor. Hemen rezervasyon yap\u0131n ve rahatl\u0131\u011f\u0131n tad\u0131n\u0131 \u00e7\u0131kar\u0131n","og_url":"https:\/\/www.ibisistanbultuzla.com\/tr\/konaklama\/standart-2-ayri-yatakli-oda\/","og_site_name":"ibis Istanbul Tuzla","article_publisher":"https:\/\/www.facebook.com\/ibisistanbultuzla","article_modified_time":"2026-03-26T22:25:55+00:00","twitter_card":"summary_large_image","twitter_misc":{"Tahmini okuma s\u00fcresi":"1 dakika"},"schema":{"@context":"https:\/\/schema.org","@graph":[{"@type":"WebPage","@id":"https:\/\/www.ibisistanbultuzla.com\/tr\/konaklama\/standart-2-ayri-yatakli-oda\/","url":"https:\/\/www.ibisistanbultuzla.com\/tr\/konaklama\/standart-2-ayri-yatakli-oda\/","name":"Ibis Tuzla Hotel'deki \u00c7ift Ki\u015filik Yatakl\u0131 Odalar | Esnek Konfor","isPartOf":{"@id":"https:\/\/www.ibisistanbultuzla.com\/#website"},"datePublished":"2024-01-30T13:27:33+00:00","dateModified":"2026-03-26T22:25:55+00:00","description":"Ibis Tuzla Hotel'deki \u00c7ift Ki\u015filik Yatakl\u0131 Odalarda esnek konfor sizi bekliyor. Hemen rezervasyon yap\u0131n ve rahatl\u0131\u011f\u0131n tad\u0131n\u0131 \u00e7\u0131kar\u0131n","breadcrumb":{"@id":"https:\/\/www.ibisistanbultuzla.com\/tr\/konaklama\/standart-2-ayri-yatakli-oda\/#breadcrumb"},"inLanguage":"tr","potentialAction":[{"@type":"ReadAction","target":["https:\/\/www.ibisistanbultuzla.com\/tr\/konaklama\/standart-2-ayri-yatakli-oda\/"]}]},{"@type":"BreadcrumbList","@id":"https:\/\/www.ibisistanbultuzla.com\/tr\/konaklama\/standart-2-ayri-yatakli-oda\/#breadcrumb","itemListElement":[{"@type":"ListItem","position":1,"name":"Home","item":"https:\/\/www.ibisistanbultuzla.com\/tr\/"},{"@type":"ListItem","position":2,"name":"Konaklama","item":"https:\/\/www.ibisistanbultuzla.com\/tr\/accommodation\/"},{"@type":"ListItem","position":3,"name":"Standart 2 Ayr\u0131 Yatakl\u0131 Oda"}]},{"@type":"WebSite","@id":"https:\/\/www.ibisistanbultuzla.com\/#website","url":"https:\/\/www.ibisistanbultuzla.com\/","name":"ibis Istanbul Tuzla","description":"","potentialAction":[{"@type":"SearchAction","target":{"@type":"EntryPoint","urlTemplate":"https:\/\/www.ibisistanbultuzla.com\/?s={search_term_string}"},"query-input":{"@type":"PropertyValueSpecification","valueRequired":true,"valueName":"search_term_string"}}],"inLanguage":"tr"}]}},"_links":{"self":[{"href":"https:\/\/www.ibisistanbultuzla.com\/tr\/wp-json\/wp\/v2\/pages\/152","targetHints":{"allow":["GET"]}}],"collection":[{"href":"https:\/\/www.ibisistanbultuzla.com\/tr\/wp-json\/wp\/v2\/pages"}],"about":[{"href":"https:\/\/www.ibisistanbultuzla.com\/tr\/wp-json\/wp\/v2\/types\/page"}],"author":[{"embeddable":true,"href":"https:\/\/www.ibisistanbultuzla.com\/tr\/wp-json\/wp\/v2\/users\/50"}],"replies":[{"embeddable":true,"href":"https:\/\/www.ibisistanbultuzla.com\/tr\/wp-json\/wp\/v2\/comments?post=152"}],"version-history":[{"count":2,"href":"https:\/\/www.ibisistanbultuzla.com\/tr\/wp-json\/wp\/v2\/pages\/152\/revisions"}],"predecessor-version":[{"id":530,"href":"https:\/\/www.ibisistanbultuzla.com\/tr\/wp-json\/wp\/v2\/pages\/152\/revisions\/530"}],"up":[{"embeddable":true,"href":"https:\/\/www.ibisistanbultuzla.com\/tr\/wp-json\/wp\/v2\/pages\/144"}],"wp:attachment":[{"href":"https:\/\/www.ibisistanbultuzla.com\/tr\/wp-json\/wp\/v2\/media?parent=152"}],"wp:term":[{"taxonomy":"category","embeddable":true,"href":"https:\/\/www.ibisistanbultuzla.com\/tr\/wp-json\/wp\/v2\/categories?post=152"}],"curies":[{"name":"wp","href":"https:\/\/api.w.org\/{rel}","templated":true}]}}