{"id":171,"date":"2024-01-28T22:03:14","date_gmt":"2024-01-28T22:03:14","guid":{"rendered":"https:\/\/ibis-istanbul-tuzla.accorv2prod.decms.eu\/location\/"},"modified":"2024-01-30T14:52:58","modified_gmt":"2024-01-30T14:52:58","slug":"lokasyon","status":"publish","type":"page","link":"https:\/\/www.ibisistanbultuzla.com\/tr\/lokasyon\/","title":{"rendered":"Lokasyon"},"content":{"rendered":"<p>\u0130bis Istanbul Tuzla, \u015fehir merkezine sadece k\u0131sa bir mesafede, <strong>Sabiha G\u00f6k\u00e7en Havaliman\u0131&#8217;na ise sadece 10 dakikal\u0131k bir s\u00fcr\u00fc\u015f uzakl\u0131\u011f\u0131ndad\u0131r<\/strong>. Tesis, <strong>D100 karayolu<\/strong> ve <strong>Pendik-Tuzla kav\u015fa\u011f\u0131na<\/strong> yak\u0131n konumuyla dikkat \u00e7eker.<\/p>\n<p>Hava yolculu\u011fu yapanlar i\u00e7in ideal bir tercih olan otelimiz, konforlu konaklaman\u0131n yan\u0131 s\u0131ra h\u0131zl\u0131 ve kolay ula\u015f\u0131m imkanlar\u0131 sunar.<\/p>\n","protected":false},"excerpt":{"rendered":"<p>\u0130bis Istanbul Tuzla, \u015fehir merkezine sadece k\u0131sa bir mesafede, Sabiha G\u00f6k\u00e7en Havaliman\u0131&#8217;na ise sadece 10 dakikal\u0131k bir s\u00fcr\u00fc\u015f uzakl\u0131\u011f\u0131ndad\u0131r. Tesis, D100 karayolu ve Pendik-Tuzla kav\u015fa\u011f\u0131na yak\u0131n konumuyla dikkat \u00e7eker. Hava yolculu\u011fu yapanlar i\u00e7in ideal bir tercih olan otelimiz, konforlu konaklaman\u0131n yan\u0131 s\u0131ra h\u0131zl\u0131 ve kolay ula\u015f\u0131m imkanlar\u0131 sunar.<\/p>\n","protected":false},"author":50,"featured_media":0,"parent":0,"menu_order":110,"comment_status":"closed","ping_status":"closed","template":"template-location.php","meta":{"footnotes":""},"categories":[],"class_list":["post-171","page","type-page","status-publish","hentry"],"acf":[],"yoast_head":"<!-- This site is optimized with the Yoast SEO plugin v26.9 - https:\/\/yoast.com\/product\/yoast-seo-wordpress\/ -->\n<title>Ideal Konum | Ibis Tuzla Otel, \u015eehir Merkezi ve Havaalan\u0131na Yak\u0131n<\/title>\n<meta name=\"description\" content=\"Stratejik konum! Ibis Tuzla Otel, \u015fehir merkezi ve havaalan\u0131na yak\u0131nl\u0131\u011f\u0131 ile i\u015f ve tatil ama\u00e7l\u0131 seyahat edenlere olanak sa\u011fl\u0131yor. Hemen rezervasyon yap\u0131n!\" \/>\n<meta name=\"robots\" content=\"index, follow, max-snippet:-1, max-image-preview:large, max-video-preview:-1\" \/>\n<link rel=\"canonical\" href=\"https:\/\/www.ibisistanbultuzla.com\/tr\/lokasyon\/\" \/>\n<meta property=\"og:locale\" content=\"tr_TR\" \/>\n<meta property=\"og:type\" content=\"article\" \/>\n<meta property=\"og:title\" content=\"Ideal Konum | Ibis Tuzla Otel, \u015eehir Merkezi ve Havaalan\u0131na Yak\u0131n\" \/>\n<meta property=\"og:description\" content=\"Stratejik konum! Ibis Tuzla Otel, \u015fehir merkezi ve havaalan\u0131na yak\u0131nl\u0131\u011f\u0131 ile i\u015f ve tatil ama\u00e7l\u0131 seyahat edenlere olanak sa\u011fl\u0131yor. Hemen rezervasyon yap\u0131n!\" \/>\n<meta property=\"og:url\" content=\"https:\/\/www.ibisistanbultuzla.com\/tr\/lokasyon\/\" \/>\n<meta property=\"og:site_name\" content=\"ibis Istanbul Tuzla\" \/>\n<meta property=\"article:publisher\" content=\"https:\/\/www.facebook.com\/ibisistanbultuzla\" \/>\n<meta property=\"article:modified_time\" content=\"2024-01-30T14:52:58+00:00\" \/>\n<meta name=\"twitter:card\" content=\"summary_large_image\" \/>\n<meta name=\"twitter:label1\" content=\"Tahmini okuma s\u00fcresi\" \/>\n\t<meta name=\"twitter:data1\" content=\"1 dakika\" \/>\n<script type=\"application\/ld+json\" class=\"yoast-schema-graph\">{\"@context\":\"https:\/\/schema.org\",\"@graph\":[{\"@type\":\"WebPage\",\"@id\":\"https:\/\/www.ibisistanbultuzla.com\/tr\/lokasyon\/\",\"url\":\"https:\/\/www.ibisistanbultuzla.com\/tr\/lokasyon\/\",\"name\":\"Ideal Konum | Ibis Tuzla Otel, \u015eehir Merkezi ve Havaalan\u0131na Yak\u0131n\",\"isPartOf\":{\"@id\":\"https:\/\/www.ibisistanbultuzla.com\/#website\"},\"datePublished\":\"2024-01-28T22:03:14+00:00\",\"dateModified\":\"2024-01-30T14:52:58+00:00\",\"description\":\"Stratejik konum! Ibis Tuzla Otel, \u015fehir merkezi ve havaalan\u0131na yak\u0131nl\u0131\u011f\u0131 ile i\u015f ve tatil ama\u00e7l\u0131 seyahat edenlere olanak sa\u011fl\u0131yor. Hemen rezervasyon yap\u0131n!\",\"breadcrumb\":{\"@id\":\"https:\/\/www.ibisistanbultuzla.com\/tr\/lokasyon\/#breadcrumb\"},\"inLanguage\":\"tr\",\"potentialAction\":[{\"@type\":\"ReadAction\",\"target\":[\"https:\/\/www.ibisistanbultuzla.com\/tr\/lokasyon\/\"]}]},{\"@type\":\"BreadcrumbList\",\"@id\":\"https:\/\/www.ibisistanbultuzla.com\/tr\/lokasyon\/#breadcrumb\",\"itemListElement\":[{\"@type\":\"ListItem\",\"position\":1,\"name\":\"Home\",\"item\":\"https:\/\/www.ibisistanbultuzla.com\/tr\/\"},{\"@type\":\"ListItem\",\"position\":2,\"name\":\"Lokasyon\"}]},{\"@type\":\"WebSite\",\"@id\":\"https:\/\/www.ibisistanbultuzla.com\/#website\",\"url\":\"https:\/\/www.ibisistanbultuzla.com\/\",\"name\":\"ibis Istanbul Tuzla\",\"description\":\"\",\"potentialAction\":[{\"@type\":\"SearchAction\",\"target\":{\"@type\":\"EntryPoint\",\"urlTemplate\":\"https:\/\/www.ibisistanbultuzla.com\/?s={search_term_string}\"},\"query-input\":{\"@type\":\"PropertyValueSpecification\",\"valueRequired\":true,\"valueName\":\"search_term_string\"}}],\"inLanguage\":\"tr\"}]}<\/script>\n<!-- \/ Yoast SEO plugin. -->","yoast_head_json":{"title":"Ideal Konum | Ibis Tuzla Otel, \u015eehir Merkezi ve Havaalan\u0131na Yak\u0131n","description":"Stratejik konum! Ibis Tuzla Otel, \u015fehir merkezi ve havaalan\u0131na yak\u0131nl\u0131\u011f\u0131 ile i\u015f ve tatil ama\u00e7l\u0131 seyahat edenlere olanak sa\u011fl\u0131yor. Hemen rezervasyon yap\u0131n!","robots":{"index":"index","follow":"follow","max-snippet":"max-snippet:-1","max-image-preview":"max-image-preview:large","max-video-preview":"max-video-preview:-1"},"canonical":"https:\/\/www.ibisistanbultuzla.com\/tr\/lokasyon\/","og_locale":"tr_TR","og_type":"article","og_title":"Ideal Konum | Ibis Tuzla Otel, \u015eehir Merkezi ve Havaalan\u0131na Yak\u0131n","og_description":"Stratejik konum! Ibis Tuzla Otel, \u015fehir merkezi ve havaalan\u0131na yak\u0131nl\u0131\u011f\u0131 ile i\u015f ve tatil ama\u00e7l\u0131 seyahat edenlere olanak sa\u011fl\u0131yor. Hemen rezervasyon yap\u0131n!","og_url":"https:\/\/www.ibisistanbultuzla.com\/tr\/lokasyon\/","og_site_name":"ibis Istanbul Tuzla","article_publisher":"https:\/\/www.facebook.com\/ibisistanbultuzla","article_modified_time":"2024-01-30T14:52:58+00:00","twitter_card":"summary_large_image","twitter_misc":{"Tahmini okuma s\u00fcresi":"1 dakika"},"schema":{"@context":"https:\/\/schema.org","@graph":[{"@type":"WebPage","@id":"https:\/\/www.ibisistanbultuzla.com\/tr\/lokasyon\/","url":"https:\/\/www.ibisistanbultuzla.com\/tr\/lokasyon\/","name":"Ideal Konum | Ibis Tuzla Otel, \u015eehir Merkezi ve Havaalan\u0131na Yak\u0131n","isPartOf":{"@id":"https:\/\/www.ibisistanbultuzla.com\/#website"},"datePublished":"2024-01-28T22:03:14+00:00","dateModified":"2024-01-30T14:52:58+00:00","description":"Stratejik konum! Ibis Tuzla Otel, \u015fehir merkezi ve havaalan\u0131na yak\u0131nl\u0131\u011f\u0131 ile i\u015f ve tatil ama\u00e7l\u0131 seyahat edenlere olanak sa\u011fl\u0131yor. Hemen rezervasyon yap\u0131n!","breadcrumb":{"@id":"https:\/\/www.ibisistanbultuzla.com\/tr\/lokasyon\/#breadcrumb"},"inLanguage":"tr","potentialAction":[{"@type":"ReadAction","target":["https:\/\/www.ibisistanbultuzla.com\/tr\/lokasyon\/"]}]},{"@type":"BreadcrumbList","@id":"https:\/\/www.ibisistanbultuzla.com\/tr\/lokasyon\/#breadcrumb","itemListElement":[{"@type":"ListItem","position":1,"name":"Home","item":"https:\/\/www.ibisistanbultuzla.com\/tr\/"},{"@type":"ListItem","position":2,"name":"Lokasyon"}]},{"@type":"WebSite","@id":"https:\/\/www.ibisistanbultuzla.com\/#website","url":"https:\/\/www.ibisistanbultuzla.com\/","name":"ibis Istanbul Tuzla","description":"","potentialAction":[{"@type":"SearchAction","target":{"@type":"EntryPoint","urlTemplate":"https:\/\/www.ibisistanbultuzla.com\/?s={search_term_string}"},"query-input":{"@type":"PropertyValueSpecification","valueRequired":true,"valueName":"search_term_string"}}],"inLanguage":"tr"}]}},"_links":{"self":[{"href":"https:\/\/www.ibisistanbultuzla.com\/tr\/wp-json\/wp\/v2\/pages\/171","targetHints":{"allow":["GET"]}}],"collection":[{"href":"https:\/\/www.ibisistanbultuzla.com\/tr\/wp-json\/wp\/v2\/pages"}],"about":[{"href":"https:\/\/www.ibisistanbultuzla.com\/tr\/wp-json\/wp\/v2\/types\/page"}],"author":[{"embeddable":true,"href":"https:\/\/www.ibisistanbultuzla.com\/tr\/wp-json\/wp\/v2\/users\/50"}],"replies":[{"embeddable":true,"href":"https:\/\/www.ibisistanbultuzla.com\/tr\/wp-json\/wp\/v2\/comments?post=171"}],"version-history":[{"count":0,"href":"https:\/\/www.ibisistanbultuzla.com\/tr\/wp-json\/wp\/v2\/pages\/171\/revisions"}],"wp:attachment":[{"href":"https:\/\/www.ibisistanbultuzla.com\/tr\/wp-json\/wp\/v2\/media?parent=171"}],"wp:term":[{"taxonomy":"category","embeddable":true,"href":"https:\/\/www.ibisistanbultuzla.com\/tr\/wp-json\/wp\/v2\/categories?post=171"}],"curies":[{"name":"wp","href":"https:\/\/api.w.org\/{rel}","templated":true}]}}