{"id":174,"date":"2024-01-28T21:48:08","date_gmt":"2024-01-28T21:48:08","guid":{"rendered":"https:\/\/ibis-istanbul-tuzla.accorv2prod.decms.eu\/contact-us\/"},"modified":"2024-01-30T17:11:33","modified_gmt":"2024-01-30T17:11:33","slug":"iletisim","status":"publish","type":"page","link":"https:\/\/www.ibisistanbultuzla.com\/tr\/iletisim\/","title":{"rendered":"\u0130leti\u015fim"},"content":{"rendered":"<p>\u0130leti\u015fim bilgilerimizle bize ula\u015f\u0131n! Ibis Tuzla Hotel&#8217;e dair sorular\u0131n\u0131z\u0131, rezervasyon taleplerinizi veya \u00f6zel isteklerinizi payla\u015fmak i\u00e7in a\u015fa\u011f\u0131daki bilgileri kullanabilirsiniz. Misafirperver ekibimiz sizinle ileti\u015fim kurmay\u0131 bekliyor.<\/p>\n","protected":false},"excerpt":{"rendered":"<p>\u0130leti\u015fim bilgilerimizle bize ula\u015f\u0131n! Ibis Tuzla Hotel&#8217;e dair sorular\u0131n\u0131z\u0131, rezervasyon taleplerinizi veya \u00f6zel isteklerinizi payla\u015fmak i\u00e7in a\u015fa\u011f\u0131daki bilgileri kullanabilirsiniz. Misafirperver ekibimiz sizinle ileti\u015fim kurmay\u0131 bekliyor.<\/p>\n","protected":false},"author":50,"featured_media":0,"parent":0,"menu_order":100,"comment_status":"closed","ping_status":"closed","template":"template-contact.php","meta":{"footnotes":""},"categories":[],"class_list":["post-174","page","type-page","status-publish","hentry"],"acf":[],"yoast_head":"<!-- This site is optimized with the Yoast SEO plugin v26.9 - https:\/\/yoast.com\/product\/yoast-seo-wordpress\/ -->\n<title>Sorular\u0131n\u0131z \u0130\u00e7in \u0130leti\u015fime Ge\u00e7in: Ibis Tuzla Hotel \u0130leti\u015fim Bilgileri<\/title>\n<meta name=\"description\" content=\"Sorular\u0131n\u0131z m\u0131 var ya da rezervasyon mu yapmak istiyorsunuz? Ibis Tuzla Hotel ile ileti\u015fime ge\u00e7in. Ekibimiz yard\u0131ma haz\u0131r. Konaklaman\u0131z\u0131 kolayca rezerve edin!\" \/>\n<meta name=\"robots\" content=\"index, follow, max-snippet:-1, max-image-preview:large, max-video-preview:-1\" \/>\n<link rel=\"canonical\" href=\"https:\/\/www.ibisistanbultuzla.com\/tr\/iletisim\/\" \/>\n<meta property=\"og:locale\" content=\"tr_TR\" \/>\n<meta property=\"og:type\" content=\"article\" \/>\n<meta property=\"og:title\" content=\"Sorular\u0131n\u0131z \u0130\u00e7in \u0130leti\u015fime Ge\u00e7in: Ibis Tuzla Hotel \u0130leti\u015fim Bilgileri\" \/>\n<meta property=\"og:description\" content=\"Sorular\u0131n\u0131z m\u0131 var ya da rezervasyon mu yapmak istiyorsunuz? Ibis Tuzla Hotel ile ileti\u015fime ge\u00e7in. Ekibimiz yard\u0131ma haz\u0131r. Konaklaman\u0131z\u0131 kolayca rezerve edin!\" \/>\n<meta property=\"og:url\" content=\"https:\/\/www.ibisistanbultuzla.com\/tr\/iletisim\/\" \/>\n<meta property=\"og:site_name\" content=\"ibis Istanbul Tuzla\" \/>\n<meta property=\"article:publisher\" content=\"https:\/\/www.facebook.com\/ibisistanbultuzla\" \/>\n<meta property=\"article:modified_time\" content=\"2024-01-30T17:11:33+00:00\" \/>\n<meta name=\"twitter:card\" content=\"summary_large_image\" \/>\n<meta name=\"twitter:label1\" content=\"Tahmini okuma s\u00fcresi\" \/>\n\t<meta name=\"twitter:data1\" content=\"1 dakika\" \/>\n<script type=\"application\/ld+json\" class=\"yoast-schema-graph\">{\"@context\":\"https:\/\/schema.org\",\"@graph\":[{\"@type\":\"WebPage\",\"@id\":\"https:\/\/www.ibisistanbultuzla.com\/tr\/iletisim\/\",\"url\":\"https:\/\/www.ibisistanbultuzla.com\/tr\/iletisim\/\",\"name\":\"Sorular\u0131n\u0131z \u0130\u00e7in \u0130leti\u015fime Ge\u00e7in: Ibis Tuzla Hotel \u0130leti\u015fim Bilgileri\",\"isPartOf\":{\"@id\":\"https:\/\/www.ibisistanbultuzla.com\/#website\"},\"datePublished\":\"2024-01-28T21:48:08+00:00\",\"dateModified\":\"2024-01-30T17:11:33+00:00\",\"description\":\"Sorular\u0131n\u0131z m\u0131 var ya da rezervasyon mu yapmak istiyorsunuz? Ibis Tuzla Hotel ile ileti\u015fime ge\u00e7in. Ekibimiz yard\u0131ma haz\u0131r. Konaklaman\u0131z\u0131 kolayca rezerve edin!\",\"breadcrumb\":{\"@id\":\"https:\/\/www.ibisistanbultuzla.com\/tr\/iletisim\/#breadcrumb\"},\"inLanguage\":\"tr\",\"potentialAction\":[{\"@type\":\"ReadAction\",\"target\":[\"https:\/\/www.ibisistanbultuzla.com\/tr\/iletisim\/\"]}]},{\"@type\":\"BreadcrumbList\",\"@id\":\"https:\/\/www.ibisistanbultuzla.com\/tr\/iletisim\/#breadcrumb\",\"itemListElement\":[{\"@type\":\"ListItem\",\"position\":1,\"name\":\"Home\",\"item\":\"https:\/\/www.ibisistanbultuzla.com\/tr\/\"},{\"@type\":\"ListItem\",\"position\":2,\"name\":\"\u0130leti\u015fim\"}]},{\"@type\":\"WebSite\",\"@id\":\"https:\/\/www.ibisistanbultuzla.com\/#website\",\"url\":\"https:\/\/www.ibisistanbultuzla.com\/\",\"name\":\"ibis Istanbul Tuzla\",\"description\":\"\",\"potentialAction\":[{\"@type\":\"SearchAction\",\"target\":{\"@type\":\"EntryPoint\",\"urlTemplate\":\"https:\/\/www.ibisistanbultuzla.com\/?s={search_term_string}\"},\"query-input\":{\"@type\":\"PropertyValueSpecification\",\"valueRequired\":true,\"valueName\":\"search_term_string\"}}],\"inLanguage\":\"tr\"}]}<\/script>\n<!-- \/ Yoast SEO plugin. -->","yoast_head_json":{"title":"Sorular\u0131n\u0131z \u0130\u00e7in \u0130leti\u015fime Ge\u00e7in: Ibis Tuzla Hotel \u0130leti\u015fim Bilgileri","description":"Sorular\u0131n\u0131z m\u0131 var ya da rezervasyon mu yapmak istiyorsunuz? Ibis Tuzla Hotel ile ileti\u015fime ge\u00e7in. Ekibimiz yard\u0131ma haz\u0131r. Konaklaman\u0131z\u0131 kolayca rezerve edin!","robots":{"index":"index","follow":"follow","max-snippet":"max-snippet:-1","max-image-preview":"max-image-preview:large","max-video-preview":"max-video-preview:-1"},"canonical":"https:\/\/www.ibisistanbultuzla.com\/tr\/iletisim\/","og_locale":"tr_TR","og_type":"article","og_title":"Sorular\u0131n\u0131z \u0130\u00e7in \u0130leti\u015fime Ge\u00e7in: Ibis Tuzla Hotel \u0130leti\u015fim Bilgileri","og_description":"Sorular\u0131n\u0131z m\u0131 var ya da rezervasyon mu yapmak istiyorsunuz? Ibis Tuzla Hotel ile ileti\u015fime ge\u00e7in. Ekibimiz yard\u0131ma haz\u0131r. Konaklaman\u0131z\u0131 kolayca rezerve edin!","og_url":"https:\/\/www.ibisistanbultuzla.com\/tr\/iletisim\/","og_site_name":"ibis Istanbul Tuzla","article_publisher":"https:\/\/www.facebook.com\/ibisistanbultuzla","article_modified_time":"2024-01-30T17:11:33+00:00","twitter_card":"summary_large_image","twitter_misc":{"Tahmini okuma s\u00fcresi":"1 dakika"},"schema":{"@context":"https:\/\/schema.org","@graph":[{"@type":"WebPage","@id":"https:\/\/www.ibisistanbultuzla.com\/tr\/iletisim\/","url":"https:\/\/www.ibisistanbultuzla.com\/tr\/iletisim\/","name":"Sorular\u0131n\u0131z \u0130\u00e7in \u0130leti\u015fime Ge\u00e7in: Ibis Tuzla Hotel \u0130leti\u015fim Bilgileri","isPartOf":{"@id":"https:\/\/www.ibisistanbultuzla.com\/#website"},"datePublished":"2024-01-28T21:48:08+00:00","dateModified":"2024-01-30T17:11:33+00:00","description":"Sorular\u0131n\u0131z m\u0131 var ya da rezervasyon mu yapmak istiyorsunuz? Ibis Tuzla Hotel ile ileti\u015fime ge\u00e7in. Ekibimiz yard\u0131ma haz\u0131r. Konaklaman\u0131z\u0131 kolayca rezerve edin!","breadcrumb":{"@id":"https:\/\/www.ibisistanbultuzla.com\/tr\/iletisim\/#breadcrumb"},"inLanguage":"tr","potentialAction":[{"@type":"ReadAction","target":["https:\/\/www.ibisistanbultuzla.com\/tr\/iletisim\/"]}]},{"@type":"BreadcrumbList","@id":"https:\/\/www.ibisistanbultuzla.com\/tr\/iletisim\/#breadcrumb","itemListElement":[{"@type":"ListItem","position":1,"name":"Home","item":"https:\/\/www.ibisistanbultuzla.com\/tr\/"},{"@type":"ListItem","position":2,"name":"\u0130leti\u015fim"}]},{"@type":"WebSite","@id":"https:\/\/www.ibisistanbultuzla.com\/#website","url":"https:\/\/www.ibisistanbultuzla.com\/","name":"ibis Istanbul Tuzla","description":"","potentialAction":[{"@type":"SearchAction","target":{"@type":"EntryPoint","urlTemplate":"https:\/\/www.ibisistanbultuzla.com\/?s={search_term_string}"},"query-input":{"@type":"PropertyValueSpecification","valueRequired":true,"valueName":"search_term_string"}}],"inLanguage":"tr"}]}},"_links":{"self":[{"href":"https:\/\/www.ibisistanbultuzla.com\/tr\/wp-json\/wp\/v2\/pages\/174","targetHints":{"allow":["GET"]}}],"collection":[{"href":"https:\/\/www.ibisistanbultuzla.com\/tr\/wp-json\/wp\/v2\/pages"}],"about":[{"href":"https:\/\/www.ibisistanbultuzla.com\/tr\/wp-json\/wp\/v2\/types\/page"}],"author":[{"embeddable":true,"href":"https:\/\/www.ibisistanbultuzla.com\/tr\/wp-json\/wp\/v2\/users\/50"}],"replies":[{"embeddable":true,"href":"https:\/\/www.ibisistanbultuzla.com\/tr\/wp-json\/wp\/v2\/comments?post=174"}],"version-history":[{"count":0,"href":"https:\/\/www.ibisistanbultuzla.com\/tr\/wp-json\/wp\/v2\/pages\/174\/revisions"}],"wp:attachment":[{"href":"https:\/\/www.ibisistanbultuzla.com\/tr\/wp-json\/wp\/v2\/media?parent=174"}],"wp:term":[{"taxonomy":"category","embeddable":true,"href":"https:\/\/www.ibisistanbultuzla.com\/tr\/wp-json\/wp\/v2\/categories?post=174"}],"curies":[{"name":"wp","href":"https:\/\/api.w.org\/{rel}","templated":true}]}}