{"id":176,"date":"2024-01-28T22:16:35","date_gmt":"2024-01-28T22:16:35","guid":{"rendered":"https:\/\/ibis-istanbul-tuzla.accorv2prod.decms.eu\/special-offers\/"},"modified":"2024-01-30T17:13:17","modified_gmt":"2024-01-30T17:13:17","slug":"ozel-teklifler","status":"publish","type":"page","link":"https:\/\/www.ibisistanbultuzla.com\/tr\/ozel-teklifler\/","title":{"rendered":"\u00d6zel Teklifler"},"content":{"rendered":"<p>ALL Accor&#8217;un \u00f6zel teklifleriyle konaklaman\u0131z\u0131 daha da \u00f6zel k\u0131l\u0131n! \u0130ndirimler, avantajlar ve ayr\u0131cal\u0131kl\u0131 f\u0131rsatlarla unutulmaz bir konaklama deneyimi i\u00e7in hemen rezervasyon yap\u0131n.<\/p>\n","protected":false},"excerpt":{"rendered":"<p>ALL Accor&#8217;un \u00f6zel teklifleriyle konaklaman\u0131z\u0131 daha da \u00f6zel k\u0131l\u0131n! \u0130ndirimler, avantajlar ve ayr\u0131cal\u0131kl\u0131 f\u0131rsatlarla unutulmaz bir konaklama deneyimi i\u00e7in hemen rezervasyon yap\u0131n.<\/p>\n","protected":false},"author":50,"featured_media":0,"parent":0,"menu_order":90,"comment_status":"closed","ping_status":"closed","template":"template-special-offers.php","meta":{"footnotes":""},"categories":[],"class_list":["post-176","page","type-page","status-publish","hentry"],"acf":[],"yoast_head":"<!-- This site is optimized with the Yoast SEO plugin v26.9 - https:\/\/yoast.com\/product\/yoast-seo-wordpress\/ -->\n<title>\u00d6zel Teklifler &#8211; ibis Istanbul Tuzla &#8211;<\/title>\n<meta name=\"description\" content=\"ALL Accor&#039;un \u00f6zel teklifleriyle konaklaman\u0131z\u0131 daha da \u00f6zel k\u0131l\u0131n! \u0130ndirimler, avantajlar ve ayr\u0131cal\u0131kl\u0131 f\u0131rsatlarla unutulmaz bir konaklama deneyimi i\u00e7in hemen rezervasyon yap\u0131n..\" \/>\n<meta name=\"robots\" content=\"index, follow, max-snippet:-1, max-image-preview:large, max-video-preview:-1\" \/>\n<link rel=\"canonical\" href=\"https:\/\/www.ibisistanbultuzla.com\/tr\/ozel-teklifler\/\" \/>\n<meta property=\"og:locale\" content=\"tr_TR\" \/>\n<meta property=\"og:type\" content=\"article\" \/>\n<meta property=\"og:title\" content=\"\u00d6zel Teklifler &#8211; ibis Istanbul Tuzla &#8211;\" \/>\n<meta property=\"og:description\" content=\"ALL Accor&#039;un \u00f6zel teklifleriyle konaklaman\u0131z\u0131 daha da \u00f6zel k\u0131l\u0131n! \u0130ndirimler, avantajlar ve ayr\u0131cal\u0131kl\u0131 f\u0131rsatlarla unutulmaz bir konaklama deneyimi i\u00e7in hemen rezervasyon yap\u0131n..\" \/>\n<meta property=\"og:url\" content=\"https:\/\/www.ibisistanbultuzla.com\/tr\/ozel-teklifler\/\" \/>\n<meta property=\"og:site_name\" content=\"ibis Istanbul Tuzla\" \/>\n<meta property=\"article:publisher\" content=\"https:\/\/www.facebook.com\/ibisistanbultuzla\" \/>\n<meta property=\"article:modified_time\" content=\"2024-01-30T17:13:17+00:00\" \/>\n<meta name=\"twitter:card\" content=\"summary_large_image\" \/>\n<meta name=\"twitter:label1\" content=\"Tahmini okuma s\u00fcresi\" \/>\n\t<meta name=\"twitter:data1\" content=\"1 dakika\" \/>\n<script type=\"application\/ld+json\" class=\"yoast-schema-graph\">{\"@context\":\"https:\/\/schema.org\",\"@graph\":[{\"@type\":\"WebPage\",\"@id\":\"https:\/\/www.ibisistanbultuzla.com\/tr\/ozel-teklifler\/\",\"url\":\"https:\/\/www.ibisistanbultuzla.com\/tr\/ozel-teklifler\/\",\"name\":\"\u00d6zel Teklifler &#8211; ibis Istanbul Tuzla &#8211;\",\"isPartOf\":{\"@id\":\"https:\/\/www.ibisistanbultuzla.com\/#website\"},\"datePublished\":\"2024-01-28T22:16:35+00:00\",\"dateModified\":\"2024-01-30T17:13:17+00:00\",\"description\":\"ALL Accor'un \u00f6zel teklifleriyle konaklaman\u0131z\u0131 daha da \u00f6zel k\u0131l\u0131n! \u0130ndirimler, avantajlar ve ayr\u0131cal\u0131kl\u0131 f\u0131rsatlarla unutulmaz bir konaklama deneyimi i\u00e7in hemen rezervasyon yap\u0131n..\",\"breadcrumb\":{\"@id\":\"https:\/\/www.ibisistanbultuzla.com\/tr\/ozel-teklifler\/#breadcrumb\"},\"inLanguage\":\"tr\",\"potentialAction\":[{\"@type\":\"ReadAction\",\"target\":[\"https:\/\/www.ibisistanbultuzla.com\/tr\/ozel-teklifler\/\"]}]},{\"@type\":\"BreadcrumbList\",\"@id\":\"https:\/\/www.ibisistanbultuzla.com\/tr\/ozel-teklifler\/#breadcrumb\",\"itemListElement\":[{\"@type\":\"ListItem\",\"position\":1,\"name\":\"Home\",\"item\":\"https:\/\/www.ibisistanbultuzla.com\/tr\/\"},{\"@type\":\"ListItem\",\"position\":2,\"name\":\"\u00d6zel Teklifler\"}]},{\"@type\":\"WebSite\",\"@id\":\"https:\/\/www.ibisistanbultuzla.com\/#website\",\"url\":\"https:\/\/www.ibisistanbultuzla.com\/\",\"name\":\"ibis Istanbul Tuzla\",\"description\":\"\",\"potentialAction\":[{\"@type\":\"SearchAction\",\"target\":{\"@type\":\"EntryPoint\",\"urlTemplate\":\"https:\/\/www.ibisistanbultuzla.com\/?s={search_term_string}\"},\"query-input\":{\"@type\":\"PropertyValueSpecification\",\"valueRequired\":true,\"valueName\":\"search_term_string\"}}],\"inLanguage\":\"tr\"}]}<\/script>\n<!-- \/ Yoast SEO plugin. -->","yoast_head_json":{"title":"\u00d6zel Teklifler &#8211; ibis Istanbul Tuzla &#8211;","description":"ALL Accor'un \u00f6zel teklifleriyle konaklaman\u0131z\u0131 daha da \u00f6zel k\u0131l\u0131n! \u0130ndirimler, avantajlar ve ayr\u0131cal\u0131kl\u0131 f\u0131rsatlarla unutulmaz bir konaklama deneyimi i\u00e7in hemen rezervasyon yap\u0131n..","robots":{"index":"index","follow":"follow","max-snippet":"max-snippet:-1","max-image-preview":"max-image-preview:large","max-video-preview":"max-video-preview:-1"},"canonical":"https:\/\/www.ibisistanbultuzla.com\/tr\/ozel-teklifler\/","og_locale":"tr_TR","og_type":"article","og_title":"\u00d6zel Teklifler &#8211; ibis Istanbul Tuzla &#8211;","og_description":"ALL Accor'un \u00f6zel teklifleriyle konaklaman\u0131z\u0131 daha da \u00f6zel k\u0131l\u0131n! \u0130ndirimler, avantajlar ve ayr\u0131cal\u0131kl\u0131 f\u0131rsatlarla unutulmaz bir konaklama deneyimi i\u00e7in hemen rezervasyon yap\u0131n..","og_url":"https:\/\/www.ibisistanbultuzla.com\/tr\/ozel-teklifler\/","og_site_name":"ibis Istanbul Tuzla","article_publisher":"https:\/\/www.facebook.com\/ibisistanbultuzla","article_modified_time":"2024-01-30T17:13:17+00:00","twitter_card":"summary_large_image","twitter_misc":{"Tahmini okuma s\u00fcresi":"1 dakika"},"schema":{"@context":"https:\/\/schema.org","@graph":[{"@type":"WebPage","@id":"https:\/\/www.ibisistanbultuzla.com\/tr\/ozel-teklifler\/","url":"https:\/\/www.ibisistanbultuzla.com\/tr\/ozel-teklifler\/","name":"\u00d6zel Teklifler &#8211; ibis Istanbul Tuzla &#8211;","isPartOf":{"@id":"https:\/\/www.ibisistanbultuzla.com\/#website"},"datePublished":"2024-01-28T22:16:35+00:00","dateModified":"2024-01-30T17:13:17+00:00","description":"ALL Accor'un \u00f6zel teklifleriyle konaklaman\u0131z\u0131 daha da \u00f6zel k\u0131l\u0131n! \u0130ndirimler, avantajlar ve ayr\u0131cal\u0131kl\u0131 f\u0131rsatlarla unutulmaz bir konaklama deneyimi i\u00e7in hemen rezervasyon yap\u0131n..","breadcrumb":{"@id":"https:\/\/www.ibisistanbultuzla.com\/tr\/ozel-teklifler\/#breadcrumb"},"inLanguage":"tr","potentialAction":[{"@type":"ReadAction","target":["https:\/\/www.ibisistanbultuzla.com\/tr\/ozel-teklifler\/"]}]},{"@type":"BreadcrumbList","@id":"https:\/\/www.ibisistanbultuzla.com\/tr\/ozel-teklifler\/#breadcrumb","itemListElement":[{"@type":"ListItem","position":1,"name":"Home","item":"https:\/\/www.ibisistanbultuzla.com\/tr\/"},{"@type":"ListItem","position":2,"name":"\u00d6zel Teklifler"}]},{"@type":"WebSite","@id":"https:\/\/www.ibisistanbultuzla.com\/#website","url":"https:\/\/www.ibisistanbultuzla.com\/","name":"ibis Istanbul Tuzla","description":"","potentialAction":[{"@type":"SearchAction","target":{"@type":"EntryPoint","urlTemplate":"https:\/\/www.ibisistanbultuzla.com\/?s={search_term_string}"},"query-input":{"@type":"PropertyValueSpecification","valueRequired":true,"valueName":"search_term_string"}}],"inLanguage":"tr"}]}},"_links":{"self":[{"href":"https:\/\/www.ibisistanbultuzla.com\/tr\/wp-json\/wp\/v2\/pages\/176","targetHints":{"allow":["GET"]}}],"collection":[{"href":"https:\/\/www.ibisistanbultuzla.com\/tr\/wp-json\/wp\/v2\/pages"}],"about":[{"href":"https:\/\/www.ibisistanbultuzla.com\/tr\/wp-json\/wp\/v2\/types\/page"}],"author":[{"embeddable":true,"href":"https:\/\/www.ibisistanbultuzla.com\/tr\/wp-json\/wp\/v2\/users\/50"}],"replies":[{"embeddable":true,"href":"https:\/\/www.ibisistanbultuzla.com\/tr\/wp-json\/wp\/v2\/comments?post=176"}],"version-history":[{"count":0,"href":"https:\/\/www.ibisistanbultuzla.com\/tr\/wp-json\/wp\/v2\/pages\/176\/revisions"}],"wp:attachment":[{"href":"https:\/\/www.ibisistanbultuzla.com\/tr\/wp-json\/wp\/v2\/media?parent=176"}],"wp:term":[{"taxonomy":"category","embeddable":true,"href":"https:\/\/www.ibisistanbultuzla.com\/tr\/wp-json\/wp\/v2\/categories?post=176"}],"curies":[{"name":"wp","href":"https:\/\/api.w.org\/{rel}","templated":true}]}}