{"id":178,"date":"2024-01-28T23:00:23","date_gmt":"2024-01-28T23:00:23","guid":{"rendered":"https:\/\/ibis-istanbul-tuzla.accorv2prod.decms.eu\/meeting-rooms\/"},"modified":"2026-05-04T06:23:43","modified_gmt":"2026-05-04T06:23:43","slug":"toplanti-salonlari","status":"publish","type":"page","link":"https:\/\/www.ibisistanbultuzla.com\/tr\/toplanti-salonlari\/","title":{"rendered":"Toplant\u0131 Salonlar\u0131"},"content":{"rendered":"<p>Ibis Tuzla Hotel, i\u015f toplant\u0131lar\u0131n\u0131z\u0131 ve etkinliklerinizi ba\u015far\u0131yla ger\u00e7ekle\u015ftirmeniz i\u00e7in modern ve \u00e7ok ama\u00e7l\u0131 toplant\u0131 salonlar\u0131 sunuyor.<\/p>\n<p>Donan\u0131ml\u0131 ve konforlu mekanlar\u0131m\u0131zda, profesyonel bir atmosferde etkili toplant\u0131lar d\u00fczenleyin. Teknolojik alt yap\u0131, konuksever hizmet ve uygun lokasyon ile i\u015f d\u00fcnyas\u0131nda \u00f6ne \u00e7\u0131k\u0131n.<\/p>\n<p>Ibis Tuzla, ba\u015far\u0131l\u0131 i\u015f bulu\u015fmalar\u0131n\u0131z i\u00e7in ideal bir se\u00e7enek.<\/p>\n<p>&nbsp;<\/p>\n<p>Toplant\u0131 salonlar\u0131m\u0131z\u0131 <a href=\"https:\/\/my.mpskin.com\/en\/tour\/j3txtpdg39\" target=\"_blank\" rel=\"noopener\">Virtual Tour<\/a> ile ke\u015ffedin.<\/p>\n","protected":false},"excerpt":{"rendered":"<p>Ibis Tuzla Hotel, i\u015f toplant\u0131lar\u0131n\u0131z\u0131 ve etkinliklerinizi ba\u015far\u0131yla ger\u00e7ekle\u015ftirmeniz i\u00e7in modern ve \u00e7ok ama\u00e7l\u0131 toplant\u0131 salonlar\u0131 sunuyor. Donan\u0131ml\u0131 ve konforlu mekanlar\u0131m\u0131zda, profesyonel bir atmosferde etkili toplant\u0131lar d\u00fczenleyin. Teknolojik alt yap\u0131, konuksever hizmet ve uygun lokasyon ile i\u015f d\u00fcnyas\u0131nda \u00f6ne \u00e7\u0131k\u0131n. Ibis Tuzla, ba\u015far\u0131l\u0131 i\u015f bulu\u015fmalar\u0131n\u0131z i\u00e7in ideal bir se\u00e7enek. &nbsp; Toplant\u0131 salonlar\u0131m\u0131z\u0131 Virtual Tour ile [&hellip;]<\/p>\n","protected":false},"author":50,"featured_media":0,"parent":0,"menu_order":70,"comment_status":"closed","ping_status":"closed","template":"template-meetings.php","meta":{"footnotes":""},"categories":[],"class_list":["post-178","page","type-page","status-publish","hentry"],"acf":[],"yoast_head":"<!-- This site is optimized with the Yoast SEO plugin v26.9 - https:\/\/yoast.com\/product\/yoast-seo-wordpress\/ -->\n<title>Her Toplant\u0131da Ba\u015far\u0131: Ibis Tuzla Hotel Toplant\u0131 Salonlar\u0131<\/title>\n<meta name=\"description\" content=\"Ibis Tuzla Hotel toplant\u0131 salonlar\u0131yla i\u015f bulu\u015fmalar\u0131n\u0131za profesyonellik ve konfor kat\u0131n. Modern ve verimli bir i\u015f ortam\u0131 i\u00e7in hemen rezervasyon yap\u0131n.\" \/>\n<meta name=\"robots\" content=\"index, follow, max-snippet:-1, max-image-preview:large, max-video-preview:-1\" \/>\n<link rel=\"canonical\" href=\"https:\/\/www.ibisistanbultuzla.com\/tr\/toplanti-salonlari\/\" \/>\n<meta property=\"og:locale\" content=\"tr_TR\" \/>\n<meta property=\"og:type\" content=\"article\" \/>\n<meta property=\"og:title\" content=\"Her Toplant\u0131da Ba\u015far\u0131: Ibis Tuzla Hotel Toplant\u0131 Salonlar\u0131\" \/>\n<meta property=\"og:description\" content=\"Ibis Tuzla Hotel toplant\u0131 salonlar\u0131yla i\u015f bulu\u015fmalar\u0131n\u0131za profesyonellik ve konfor kat\u0131n. Modern ve verimli bir i\u015f ortam\u0131 i\u00e7in hemen rezervasyon yap\u0131n.\" \/>\n<meta property=\"og:url\" content=\"https:\/\/www.ibisistanbultuzla.com\/tr\/toplanti-salonlari\/\" \/>\n<meta property=\"og:site_name\" content=\"ibis Istanbul Tuzla\" \/>\n<meta property=\"article:publisher\" content=\"https:\/\/www.facebook.com\/ibisistanbultuzla\" \/>\n<meta property=\"article:modified_time\" content=\"2026-05-04T06:23:43+00:00\" \/>\n<meta name=\"twitter:card\" content=\"summary_large_image\" \/>\n<meta name=\"twitter:label1\" content=\"Tahmini okuma s\u00fcresi\" \/>\n\t<meta name=\"twitter:data1\" content=\"1 dakika\" \/>\n<script type=\"application\/ld+json\" class=\"yoast-schema-graph\">{\"@context\":\"https:\/\/schema.org\",\"@graph\":[{\"@type\":\"WebPage\",\"@id\":\"https:\/\/www.ibisistanbultuzla.com\/tr\/toplanti-salonlari\/\",\"url\":\"https:\/\/www.ibisistanbultuzla.com\/tr\/toplanti-salonlari\/\",\"name\":\"Her Toplant\u0131da Ba\u015far\u0131: Ibis Tuzla Hotel Toplant\u0131 Salonlar\u0131\",\"isPartOf\":{\"@id\":\"https:\/\/www.ibisistanbultuzla.com\/#website\"},\"datePublished\":\"2024-01-28T23:00:23+00:00\",\"dateModified\":\"2026-05-04T06:23:43+00:00\",\"description\":\"Ibis Tuzla Hotel toplant\u0131 salonlar\u0131yla i\u015f bulu\u015fmalar\u0131n\u0131za profesyonellik ve konfor kat\u0131n. Modern ve verimli bir i\u015f ortam\u0131 i\u00e7in hemen rezervasyon yap\u0131n.\",\"breadcrumb\":{\"@id\":\"https:\/\/www.ibisistanbultuzla.com\/tr\/toplanti-salonlari\/#breadcrumb\"},\"inLanguage\":\"tr\",\"potentialAction\":[{\"@type\":\"ReadAction\",\"target\":[\"https:\/\/www.ibisistanbultuzla.com\/tr\/toplanti-salonlari\/\"]}]},{\"@type\":\"BreadcrumbList\",\"@id\":\"https:\/\/www.ibisistanbultuzla.com\/tr\/toplanti-salonlari\/#breadcrumb\",\"itemListElement\":[{\"@type\":\"ListItem\",\"position\":1,\"name\":\"Home\",\"item\":\"https:\/\/www.ibisistanbultuzla.com\/tr\/\"},{\"@type\":\"ListItem\",\"position\":2,\"name\":\"Toplant\u0131 Salonlar\u0131\"}]},{\"@type\":\"WebSite\",\"@id\":\"https:\/\/www.ibisistanbultuzla.com\/#website\",\"url\":\"https:\/\/www.ibisistanbultuzla.com\/\",\"name\":\"ibis Istanbul Tuzla\",\"description\":\"\",\"potentialAction\":[{\"@type\":\"SearchAction\",\"target\":{\"@type\":\"EntryPoint\",\"urlTemplate\":\"https:\/\/www.ibisistanbultuzla.com\/?s={search_term_string}\"},\"query-input\":{\"@type\":\"PropertyValueSpecification\",\"valueRequired\":true,\"valueName\":\"search_term_string\"}}],\"inLanguage\":\"tr\"}]}<\/script>\n<!-- \/ Yoast SEO plugin. -->","yoast_head_json":{"title":"Her Toplant\u0131da Ba\u015far\u0131: Ibis Tuzla Hotel Toplant\u0131 Salonlar\u0131","description":"Ibis Tuzla Hotel toplant\u0131 salonlar\u0131yla i\u015f bulu\u015fmalar\u0131n\u0131za profesyonellik ve konfor kat\u0131n. Modern ve verimli bir i\u015f ortam\u0131 i\u00e7in hemen rezervasyon yap\u0131n.","robots":{"index":"index","follow":"follow","max-snippet":"max-snippet:-1","max-image-preview":"max-image-preview:large","max-video-preview":"max-video-preview:-1"},"canonical":"https:\/\/www.ibisistanbultuzla.com\/tr\/toplanti-salonlari\/","og_locale":"tr_TR","og_type":"article","og_title":"Her Toplant\u0131da Ba\u015far\u0131: Ibis Tuzla Hotel Toplant\u0131 Salonlar\u0131","og_description":"Ibis Tuzla Hotel toplant\u0131 salonlar\u0131yla i\u015f bulu\u015fmalar\u0131n\u0131za profesyonellik ve konfor kat\u0131n. Modern ve verimli bir i\u015f ortam\u0131 i\u00e7in hemen rezervasyon yap\u0131n.","og_url":"https:\/\/www.ibisistanbultuzla.com\/tr\/toplanti-salonlari\/","og_site_name":"ibis Istanbul Tuzla","article_publisher":"https:\/\/www.facebook.com\/ibisistanbultuzla","article_modified_time":"2026-05-04T06:23:43+00:00","twitter_card":"summary_large_image","twitter_misc":{"Tahmini okuma s\u00fcresi":"1 dakika"},"schema":{"@context":"https:\/\/schema.org","@graph":[{"@type":"WebPage","@id":"https:\/\/www.ibisistanbultuzla.com\/tr\/toplanti-salonlari\/","url":"https:\/\/www.ibisistanbultuzla.com\/tr\/toplanti-salonlari\/","name":"Her Toplant\u0131da Ba\u015far\u0131: Ibis Tuzla Hotel Toplant\u0131 Salonlar\u0131","isPartOf":{"@id":"https:\/\/www.ibisistanbultuzla.com\/#website"},"datePublished":"2024-01-28T23:00:23+00:00","dateModified":"2026-05-04T06:23:43+00:00","description":"Ibis Tuzla Hotel toplant\u0131 salonlar\u0131yla i\u015f bulu\u015fmalar\u0131n\u0131za profesyonellik ve konfor kat\u0131n. Modern ve verimli bir i\u015f ortam\u0131 i\u00e7in hemen rezervasyon yap\u0131n.","breadcrumb":{"@id":"https:\/\/www.ibisistanbultuzla.com\/tr\/toplanti-salonlari\/#breadcrumb"},"inLanguage":"tr","potentialAction":[{"@type":"ReadAction","target":["https:\/\/www.ibisistanbultuzla.com\/tr\/toplanti-salonlari\/"]}]},{"@type":"BreadcrumbList","@id":"https:\/\/www.ibisistanbultuzla.com\/tr\/toplanti-salonlari\/#breadcrumb","itemListElement":[{"@type":"ListItem","position":1,"name":"Home","item":"https:\/\/www.ibisistanbultuzla.com\/tr\/"},{"@type":"ListItem","position":2,"name":"Toplant\u0131 Salonlar\u0131"}]},{"@type":"WebSite","@id":"https:\/\/www.ibisistanbultuzla.com\/#website","url":"https:\/\/www.ibisistanbultuzla.com\/","name":"ibis Istanbul Tuzla","description":"","potentialAction":[{"@type":"SearchAction","target":{"@type":"EntryPoint","urlTemplate":"https:\/\/www.ibisistanbultuzla.com\/?s={search_term_string}"},"query-input":{"@type":"PropertyValueSpecification","valueRequired":true,"valueName":"search_term_string"}}],"inLanguage":"tr"}]}},"_links":{"self":[{"href":"https:\/\/www.ibisistanbultuzla.com\/tr\/wp-json\/wp\/v2\/pages\/178","targetHints":{"allow":["GET"]}}],"collection":[{"href":"https:\/\/www.ibisistanbultuzla.com\/tr\/wp-json\/wp\/v2\/pages"}],"about":[{"href":"https:\/\/www.ibisistanbultuzla.com\/tr\/wp-json\/wp\/v2\/types\/page"}],"author":[{"embeddable":true,"href":"https:\/\/www.ibisistanbultuzla.com\/tr\/wp-json\/wp\/v2\/users\/50"}],"replies":[{"embeddable":true,"href":"https:\/\/www.ibisistanbultuzla.com\/tr\/wp-json\/wp\/v2\/comments?post=178"}],"version-history":[{"count":2,"href":"https:\/\/www.ibisistanbultuzla.com\/tr\/wp-json\/wp\/v2\/pages\/178\/revisions"}],"predecessor-version":[{"id":536,"href":"https:\/\/www.ibisistanbultuzla.com\/tr\/wp-json\/wp\/v2\/pages\/178\/revisions\/536"}],"wp:attachment":[{"href":"https:\/\/www.ibisistanbultuzla.com\/tr\/wp-json\/wp\/v2\/media?parent=178"}],"wp:term":[{"taxonomy":"category","embeddable":true,"href":"https:\/\/www.ibisistanbultuzla.com\/tr\/wp-json\/wp\/v2\/categories?post=178"}],"curies":[{"name":"wp","href":"https:\/\/api.w.org\/{rel}","templated":true}]}}