{"id":181,"date":"2024-01-28T23:20:30","date_gmt":"2024-01-28T23:20:30","guid":{"rendered":"https:\/\/ibis-istanbul-tuzla.accorv2prod.decms.eu\/ibis-restaurant\/"},"modified":"2024-02-07T00:05:06","modified_gmt":"2024-02-07T00:05:06","slug":"ibis-restoran","status":"publish","type":"page","link":"https:\/\/www.ibisistanbultuzla.com\/tr\/ibis-restoran\/","title":{"rendered":"ibis Restoran"},"content":{"rendered":"<p>Alakart lezzetin keyfini \u00e7\u0131kar\u0131n.<\/p>\n<p>Konaklaman\u0131z boyunca her g\u00fcn, haftan\u0131n<strong> 7 g\u00fcn\u00fc ve y\u0131l\u0131n 365 g\u00fcn\u00fc<\/strong> sizi a\u011f\u0131rlamaya haz\u0131r olan ibis restoranlar\u0131n\u0131n sundu\u011fu mutfak \u015f\u00f6lenini ke\u015ffedin. Her gece en az <strong>19:00 ile 22:30<\/strong> aras\u0131nda a\u00e7\u0131\u011f\u0131z.<\/p>\n","protected":false},"excerpt":{"rendered":"<p>Alakart lezzetin keyfini \u00e7\u0131kar\u0131n. Konaklaman\u0131z boyunca her g\u00fcn, haftan\u0131n 7 g\u00fcn\u00fc ve y\u0131l\u0131n 365 g\u00fcn\u00fc sizi a\u011f\u0131rlamaya haz\u0131r olan ibis restoranlar\u0131n\u0131n sundu\u011fu mutfak \u015f\u00f6lenini ke\u015ffedin. Her gece en az 19:00 ile 22:30 aras\u0131nda a\u00e7\u0131\u011f\u0131z.<\/p>\n","protected":false},"author":50,"featured_media":0,"parent":0,"menu_order":50,"comment_status":"closed","ping_status":"closed","template":"template-restaurant.php","meta":{"footnotes":""},"categories":[],"class_list":["post-181","page","type-page","status-publish","hentry"],"acf":[],"yoast_head":"<!-- This site is optimized with the Yoast SEO plugin v26.9 - https:\/\/yoast.com\/product\/yoast-seo-wordpress\/ -->\n<title>Lezzet \u015e\u00f6leni | Ibis Tuzla Otel Restoran\u0131<\/title>\n<meta name=\"description\" content=\"Lezzetin zirvesine ula\u015f\u0131n! Ibis Tuzla Otel Restoran\u0131, her damak zevkine hitap eden nefis se\u00e7enekleriyle unutulmaz bir deneyim sunuyor.\" \/>\n<meta name=\"robots\" content=\"index, follow, max-snippet:-1, max-image-preview:large, max-video-preview:-1\" \/>\n<link rel=\"canonical\" href=\"https:\/\/www.ibisistanbultuzla.com\/tr\/ibis-restoran\/\" \/>\n<meta property=\"og:locale\" content=\"tr_TR\" \/>\n<meta property=\"og:type\" content=\"article\" \/>\n<meta property=\"og:title\" content=\"Lezzet \u015e\u00f6leni | Ibis Tuzla Otel Restoran\u0131\" \/>\n<meta property=\"og:description\" content=\"Lezzetin zirvesine ula\u015f\u0131n! Ibis Tuzla Otel Restoran\u0131, her damak zevkine hitap eden nefis se\u00e7enekleriyle unutulmaz bir deneyim sunuyor.\" \/>\n<meta property=\"og:url\" content=\"https:\/\/www.ibisistanbultuzla.com\/tr\/ibis-restoran\/\" \/>\n<meta property=\"og:site_name\" content=\"ibis Istanbul Tuzla\" \/>\n<meta property=\"article:publisher\" content=\"https:\/\/www.facebook.com\/ibisistanbultuzla\" \/>\n<meta property=\"article:modified_time\" content=\"2024-02-07T00:05:06+00:00\" \/>\n<meta name=\"twitter:card\" content=\"summary_large_image\" \/>\n<meta name=\"twitter:label1\" content=\"Tahmini okuma s\u00fcresi\" \/>\n\t<meta name=\"twitter:data1\" content=\"1 dakika\" \/>\n<script type=\"application\/ld+json\" class=\"yoast-schema-graph\">{\"@context\":\"https:\/\/schema.org\",\"@graph\":[{\"@type\":\"WebPage\",\"@id\":\"https:\/\/www.ibisistanbultuzla.com\/tr\/ibis-restoran\/\",\"url\":\"https:\/\/www.ibisistanbultuzla.com\/tr\/ibis-restoran\/\",\"name\":\"Lezzet \u015e\u00f6leni | Ibis Tuzla Otel Restoran\u0131\",\"isPartOf\":{\"@id\":\"https:\/\/www.ibisistanbultuzla.com\/#website\"},\"datePublished\":\"2024-01-28T23:20:30+00:00\",\"dateModified\":\"2024-02-07T00:05:06+00:00\",\"description\":\"Lezzetin zirvesine ula\u015f\u0131n! Ibis Tuzla Otel Restoran\u0131, her damak zevkine hitap eden nefis se\u00e7enekleriyle unutulmaz bir deneyim sunuyor.\",\"breadcrumb\":{\"@id\":\"https:\/\/www.ibisistanbultuzla.com\/tr\/ibis-restoran\/#breadcrumb\"},\"inLanguage\":\"tr\",\"potentialAction\":[{\"@type\":\"ReadAction\",\"target\":[\"https:\/\/www.ibisistanbultuzla.com\/tr\/ibis-restoran\/\"]}]},{\"@type\":\"BreadcrumbList\",\"@id\":\"https:\/\/www.ibisistanbultuzla.com\/tr\/ibis-restoran\/#breadcrumb\",\"itemListElement\":[{\"@type\":\"ListItem\",\"position\":1,\"name\":\"Home\",\"item\":\"https:\/\/www.ibisistanbultuzla.com\/tr\/\"},{\"@type\":\"ListItem\",\"position\":2,\"name\":\"ibis Restoran\"}]},{\"@type\":\"WebSite\",\"@id\":\"https:\/\/www.ibisistanbultuzla.com\/#website\",\"url\":\"https:\/\/www.ibisistanbultuzla.com\/\",\"name\":\"ibis Istanbul Tuzla\",\"description\":\"\",\"potentialAction\":[{\"@type\":\"SearchAction\",\"target\":{\"@type\":\"EntryPoint\",\"urlTemplate\":\"https:\/\/www.ibisistanbultuzla.com\/?s={search_term_string}\"},\"query-input\":{\"@type\":\"PropertyValueSpecification\",\"valueRequired\":true,\"valueName\":\"search_term_string\"}}],\"inLanguage\":\"tr\"}]}<\/script>\n<!-- \/ Yoast SEO plugin. -->","yoast_head_json":{"title":"Lezzet \u015e\u00f6leni | Ibis Tuzla Otel Restoran\u0131","description":"Lezzetin zirvesine ula\u015f\u0131n! Ibis Tuzla Otel Restoran\u0131, her damak zevkine hitap eden nefis se\u00e7enekleriyle unutulmaz bir deneyim sunuyor.","robots":{"index":"index","follow":"follow","max-snippet":"max-snippet:-1","max-image-preview":"max-image-preview:large","max-video-preview":"max-video-preview:-1"},"canonical":"https:\/\/www.ibisistanbultuzla.com\/tr\/ibis-restoran\/","og_locale":"tr_TR","og_type":"article","og_title":"Lezzet \u015e\u00f6leni | Ibis Tuzla Otel Restoran\u0131","og_description":"Lezzetin zirvesine ula\u015f\u0131n! Ibis Tuzla Otel Restoran\u0131, her damak zevkine hitap eden nefis se\u00e7enekleriyle unutulmaz bir deneyim sunuyor.","og_url":"https:\/\/www.ibisistanbultuzla.com\/tr\/ibis-restoran\/","og_site_name":"ibis Istanbul Tuzla","article_publisher":"https:\/\/www.facebook.com\/ibisistanbultuzla","article_modified_time":"2024-02-07T00:05:06+00:00","twitter_card":"summary_large_image","twitter_misc":{"Tahmini okuma s\u00fcresi":"1 dakika"},"schema":{"@context":"https:\/\/schema.org","@graph":[{"@type":"WebPage","@id":"https:\/\/www.ibisistanbultuzla.com\/tr\/ibis-restoran\/","url":"https:\/\/www.ibisistanbultuzla.com\/tr\/ibis-restoran\/","name":"Lezzet \u015e\u00f6leni | Ibis Tuzla Otel Restoran\u0131","isPartOf":{"@id":"https:\/\/www.ibisistanbultuzla.com\/#website"},"datePublished":"2024-01-28T23:20:30+00:00","dateModified":"2024-02-07T00:05:06+00:00","description":"Lezzetin zirvesine ula\u015f\u0131n! Ibis Tuzla Otel Restoran\u0131, her damak zevkine hitap eden nefis se\u00e7enekleriyle unutulmaz bir deneyim sunuyor.","breadcrumb":{"@id":"https:\/\/www.ibisistanbultuzla.com\/tr\/ibis-restoran\/#breadcrumb"},"inLanguage":"tr","potentialAction":[{"@type":"ReadAction","target":["https:\/\/www.ibisistanbultuzla.com\/tr\/ibis-restoran\/"]}]},{"@type":"BreadcrumbList","@id":"https:\/\/www.ibisistanbultuzla.com\/tr\/ibis-restoran\/#breadcrumb","itemListElement":[{"@type":"ListItem","position":1,"name":"Home","item":"https:\/\/www.ibisistanbultuzla.com\/tr\/"},{"@type":"ListItem","position":2,"name":"ibis Restoran"}]},{"@type":"WebSite","@id":"https:\/\/www.ibisistanbultuzla.com\/#website","url":"https:\/\/www.ibisistanbultuzla.com\/","name":"ibis Istanbul Tuzla","description":"","potentialAction":[{"@type":"SearchAction","target":{"@type":"EntryPoint","urlTemplate":"https:\/\/www.ibisistanbultuzla.com\/?s={search_term_string}"},"query-input":{"@type":"PropertyValueSpecification","valueRequired":true,"valueName":"search_term_string"}}],"inLanguage":"tr"}]}},"_links":{"self":[{"href":"https:\/\/www.ibisistanbultuzla.com\/tr\/wp-json\/wp\/v2\/pages\/181","targetHints":{"allow":["GET"]}}],"collection":[{"href":"https:\/\/www.ibisistanbultuzla.com\/tr\/wp-json\/wp\/v2\/pages"}],"about":[{"href":"https:\/\/www.ibisistanbultuzla.com\/tr\/wp-json\/wp\/v2\/types\/page"}],"author":[{"embeddable":true,"href":"https:\/\/www.ibisistanbultuzla.com\/tr\/wp-json\/wp\/v2\/users\/50"}],"replies":[{"embeddable":true,"href":"https:\/\/www.ibisistanbultuzla.com\/tr\/wp-json\/wp\/v2\/comments?post=181"}],"version-history":[{"count":0,"href":"https:\/\/www.ibisistanbultuzla.com\/tr\/wp-json\/wp\/v2\/pages\/181\/revisions"}],"wp:attachment":[{"href":"https:\/\/www.ibisistanbultuzla.com\/tr\/wp-json\/wp\/v2\/media?parent=181"}],"wp:term":[{"taxonomy":"category","embeddable":true,"href":"https:\/\/www.ibisistanbultuzla.com\/tr\/wp-json\/wp\/v2\/categories?post=181"}],"curies":[{"name":"wp","href":"https:\/\/api.w.org\/{rel}","templated":true}]}}