{"id":184,"date":"2024-01-24T14:40:11","date_gmt":"2024-01-24T14:40:11","guid":{"rendered":"https:\/\/ibis-istanbul-tuzla.accorv2prod.decms.eu\/sample-page\/"},"modified":"2026-03-26T22:29:04","modified_gmt":"2026-03-26T22:29:04","slug":"sample-page","status":"publish","type":"page","link":"https:\/\/www.ibisistanbultuzla.com\/tr\/","title":{"rendered":"ibis Istanbul Tuzla"},"content":{"rendered":"\r\n<p>\u0130stanbul&#8217;un Asya yakas\u0131ndaki h\u0131zla geli\u015fen bir b\u00f6lgede konumlanan<strong> Ibis Hotel Tuzla<\/strong>, uygun maliyetli ancak y\u00fcksek kaliteli konaklama imkan\u0131 sunmaktad\u0131r. Klima ile donat\u0131lm\u0131\u015f geni\u015f odalar \u00e7a\u011fda\u015f dekor ile d\u00f6\u015fenmi\u015ftir. Kahve-\u00e7ay yapma olanaklar\u0131, g\u00fcvenli kutu ve odada \u00fccretsiz mineralli su bulunan minibar ile \u00f6zel otopark, g\u00fcvenli ve rahat bir konaklama i\u00e7in gerekli t\u00fcm detaylar\u0131 sa\u011flar. Be\u015f iyi donan\u0131ml\u0131 toplant\u0131 salonuna sahip olan otel, k\u00fc\u00e7\u00fck ve orta \u00f6l\u00e7ekli etkinlik organizasyonlar\u0131 i\u00e7in zorlay\u0131c\u0131 bir mekan sunmaktad\u0131r.<\/p>\r\n<p>Pencerelerinden, <strong>Tuzla Ibis Hotel<\/strong>, ilham verici kentsel mimari ile Marmara Denizi&#8217;nin mavi ufuklar\u0131 aras\u0131ndaki uyumu yans\u0131tmaktad\u0131r. Ibis Restoran, a\u00e7\u0131k b\u00fcfe kahvalt\u0131 ile birlikte \u00f6\u011fle ve ak\u015fam yemeklerinde uluslararas\u0131 mutfak se\u00e7eneklerini de\u011ferlendirir.<\/p>\r\n<p><strong>Ibis Tuzla<\/strong>, D100 karayolu ve Pendik-Tuzla kav\u015fa\u011f\u0131na yak\u0131n merkezi konumu ile Accor otelleri aras\u0131nda pop\u00fclerli\u011fini art\u0131rmaktad\u0131r. \u00d6zellikle yo\u011fun seyahat edenler i\u00e7in otel, Sabiha G\u00f6k\u00e7en Havaliman\u0131&#8217;na sadece 10 dakikal\u0131k bir s\u00fcr\u00fc\u015f mesafesindedir.<\/p>\r\n<p>IBIS \u0130stanbul Tuzla Otel olarak uzun y\u0131llard\u0131r s\u00fcrd\u00fcr\u00fclebilir kalk\u0131nmay\u0131 hedefleyen Accor grubunun bir par\u00e7as\u0131 olmaktan gurur duyuyor ve \u00e7evresel, sosyal, k\u00fclt\u00fcrel, ekonomik, kalite, insan haklar\u0131, sa\u011fl\u0131k ve g\u00fcvenlik konular\u0131nda aksiyonlar al\u0131yoruz. M\u00fclk\u00fcm\u00fcz\u00fcn her yerinde g\u00fcvenlikle ilgili konularda de\u011fi\u015fiklik yap\u0131lmas\u0131 gerekmektedir. IBIS Istanbul Tuzla Otel&#8217;imize ait <a href=\"https:\/\/www.ibisistanbultuzla.com\/wp-content\/uploads\/sites\/83\/2024\/05\/0-Surdurulebilirlik-Raporu_01.02.2024-1_compressed.pdf\" target=\"_blank\" rel=\"noopener\">s\u00fcrd\u00fcr\u00fclebilirlik raporu<\/a>, <a href=\"https:\/\/www.ibisistanbultuzla.com\/wp-content\/uploads\/sites\/83\/2024\/05\/IBIS-TUZLA.pdf\" target=\"_blank\" rel=\"noopener\">sertifikas\u0131<\/a> ve <a href=\"https:\/\/www.ibisistanbultuzla.com\/wp-content\/uploads\/sites\/83\/2024\/05\/ibis-tuzla-tr.pdf\" target=\"_blank\" rel=\"noopener\">politikalar\u0131m\u0131z\u0131<\/a> inceleyebilirsiniz.<\/p>\r\n","protected":false},"excerpt":{"rendered":"<p>\u0130stanbul&#8217;un Asya yakas\u0131ndaki h\u0131zla geli\u015fen bir b\u00f6lgede konumlanan Ibis Hotel Tuzla, uygun maliyetli ancak y\u00fcksek kaliteli konaklama imkan\u0131 sunmaktad\u0131r. Klima ile donat\u0131lm\u0131\u015f geni\u015f odalar \u00e7a\u011fda\u015f dekor ile d\u00f6\u015fenmi\u015ftir. Kahve-\u00e7ay yapma olanaklar\u0131, g\u00fcvenli kutu ve odada \u00fccretsiz mineralli su bulunan minibar ile \u00f6zel otopark, g\u00fcvenli ve rahat bir konaklama i\u00e7in gerekli t\u00fcm detaylar\u0131 sa\u011flar. Be\u015f iyi [&hellip;]<\/p>\n","protected":false},"author":50,"featured_media":0,"parent":0,"menu_order":0,"comment_status":"closed","ping_status":"closed","template":"","meta":{"footnotes":""},"categories":[],"class_list":["post-184","page","type-page","status-publish","hentry"],"acf":[],"yoast_head":"<!-- This site is optimized with the Yoast SEO plugin v26.9 - https:\/\/yoast.com\/product\/yoast-seo-wordpress\/ -->\n<title>Ibis Tuzla Hotel | \u0130stanbul&#039;un Asya Yakas\u0131&#039;nda Uygun Fiyatl\u0131 ve Kaliteli Konaklama<\/title>\n<meta name=\"description\" content=\"Tuzla&#039;da konfor ve uygun fiyat i\u00e7in ideal. Ferah odalar, g\u00fcvenli otopark ve D100 ve havaalan\u0131na yak\u0131n merkezi konum. Hemen rezervasyon yap\u0131n!\" \/>\n<meta name=\"robots\" content=\"index, follow, max-snippet:-1, max-image-preview:large, max-video-preview:-1\" \/>\n<link rel=\"canonical\" href=\"https:\/\/www.ibisistanbultuzla.com\/tr\/\" \/>\n<meta property=\"og:locale\" content=\"tr_TR\" \/>\n<meta property=\"og:type\" content=\"article\" \/>\n<meta property=\"og:title\" content=\"Ibis Tuzla Hotel | \u0130stanbul&#039;un Asya Yakas\u0131&#039;nda Uygun Fiyatl\u0131 ve Kaliteli Konaklama\" \/>\n<meta property=\"og:description\" content=\"Tuzla&#039;da konfor ve uygun fiyat i\u00e7in ideal. Ferah odalar, g\u00fcvenli otopark ve D100 ve havaalan\u0131na yak\u0131n merkezi konum. Hemen rezervasyon yap\u0131n!\" \/>\n<meta property=\"og:url\" content=\"https:\/\/www.ibisistanbultuzla.com\/tr\/\" \/>\n<meta property=\"og:site_name\" content=\"ibis Istanbul Tuzla\" \/>\n<meta property=\"article:publisher\" content=\"https:\/\/www.facebook.com\/ibisistanbultuzla\" \/>\n<meta property=\"article:modified_time\" content=\"2026-03-26T22:29:04+00:00\" \/>\n<meta name=\"twitter:card\" content=\"summary_large_image\" \/>\n<meta name=\"twitter:label1\" content=\"Tahmini okuma s\u00fcresi\" \/>\n\t<meta name=\"twitter:data1\" content=\"1 dakika\" \/>\n<script type=\"application\/ld+json\" class=\"yoast-schema-graph\">{\"@context\":\"https:\/\/schema.org\",\"@graph\":[{\"@type\":\"WebPage\",\"@id\":\"https:\/\/www.ibisistanbultuzla.com\/tr\/\",\"url\":\"https:\/\/www.ibisistanbultuzla.com\/tr\/\",\"name\":\"Ibis Tuzla Hotel | \u0130stanbul'un Asya Yakas\u0131'nda Uygun Fiyatl\u0131 ve Kaliteli Konaklama\",\"isPartOf\":{\"@id\":\"https:\/\/www.ibisistanbultuzla.com\/#website\"},\"datePublished\":\"2024-01-24T14:40:11+00:00\",\"dateModified\":\"2026-03-26T22:29:04+00:00\",\"description\":\"Tuzla'da konfor ve uygun fiyat i\u00e7in ideal. Ferah odalar, g\u00fcvenli otopark ve D100 ve havaalan\u0131na yak\u0131n merkezi konum. Hemen rezervasyon yap\u0131n!\",\"breadcrumb\":{\"@id\":\"https:\/\/www.ibisistanbultuzla.com\/tr\/#breadcrumb\"},\"inLanguage\":\"tr\",\"potentialAction\":[{\"@type\":\"ReadAction\",\"target\":[\"https:\/\/www.ibisistanbultuzla.com\/tr\/\"]}]},{\"@type\":\"BreadcrumbList\",\"@id\":\"https:\/\/www.ibisistanbultuzla.com\/tr\/#breadcrumb\",\"itemListElement\":[{\"@type\":\"ListItem\",\"position\":1,\"name\":\"Home\",\"item\":\"https:\/\/www.ibisistanbultuzla.com\/tr\/\"},{\"@type\":\"ListItem\",\"position\":2,\"name\":\"ibis Istanbul Tuzla\"}]},{\"@type\":\"WebSite\",\"@id\":\"https:\/\/www.ibisistanbultuzla.com\/#website\",\"url\":\"https:\/\/www.ibisistanbultuzla.com\/\",\"name\":\"ibis Istanbul Tuzla\",\"description\":\"\",\"potentialAction\":[{\"@type\":\"SearchAction\",\"target\":{\"@type\":\"EntryPoint\",\"urlTemplate\":\"https:\/\/www.ibisistanbultuzla.com\/?s={search_term_string}\"},\"query-input\":{\"@type\":\"PropertyValueSpecification\",\"valueRequired\":true,\"valueName\":\"search_term_string\"}}],\"inLanguage\":\"tr\"}]}<\/script>\n<!-- \/ Yoast SEO plugin. -->","yoast_head_json":{"title":"Ibis Tuzla Hotel | \u0130stanbul'un Asya Yakas\u0131'nda Uygun Fiyatl\u0131 ve Kaliteli Konaklama","description":"Tuzla'da konfor ve uygun fiyat i\u00e7in ideal. Ferah odalar, g\u00fcvenli otopark ve D100 ve havaalan\u0131na yak\u0131n merkezi konum. Hemen rezervasyon yap\u0131n!","robots":{"index":"index","follow":"follow","max-snippet":"max-snippet:-1","max-image-preview":"max-image-preview:large","max-video-preview":"max-video-preview:-1"},"canonical":"https:\/\/www.ibisistanbultuzla.com\/tr\/","og_locale":"tr_TR","og_type":"article","og_title":"Ibis Tuzla Hotel | \u0130stanbul'un Asya Yakas\u0131'nda Uygun Fiyatl\u0131 ve Kaliteli Konaklama","og_description":"Tuzla'da konfor ve uygun fiyat i\u00e7in ideal. Ferah odalar, g\u00fcvenli otopark ve D100 ve havaalan\u0131na yak\u0131n merkezi konum. Hemen rezervasyon yap\u0131n!","og_url":"https:\/\/www.ibisistanbultuzla.com\/tr\/","og_site_name":"ibis Istanbul Tuzla","article_publisher":"https:\/\/www.facebook.com\/ibisistanbultuzla","article_modified_time":"2026-03-26T22:29:04+00:00","twitter_card":"summary_large_image","twitter_misc":{"Tahmini okuma s\u00fcresi":"1 dakika"},"schema":{"@context":"https:\/\/schema.org","@graph":[{"@type":"WebPage","@id":"https:\/\/www.ibisistanbultuzla.com\/tr\/","url":"https:\/\/www.ibisistanbultuzla.com\/tr\/","name":"Ibis Tuzla Hotel | \u0130stanbul'un Asya Yakas\u0131'nda Uygun Fiyatl\u0131 ve Kaliteli Konaklama","isPartOf":{"@id":"https:\/\/www.ibisistanbultuzla.com\/#website"},"datePublished":"2024-01-24T14:40:11+00:00","dateModified":"2026-03-26T22:29:04+00:00","description":"Tuzla'da konfor ve uygun fiyat i\u00e7in ideal. Ferah odalar, g\u00fcvenli otopark ve D100 ve havaalan\u0131na yak\u0131n merkezi konum. Hemen rezervasyon yap\u0131n!","breadcrumb":{"@id":"https:\/\/www.ibisistanbultuzla.com\/tr\/#breadcrumb"},"inLanguage":"tr","potentialAction":[{"@type":"ReadAction","target":["https:\/\/www.ibisistanbultuzla.com\/tr\/"]}]},{"@type":"BreadcrumbList","@id":"https:\/\/www.ibisistanbultuzla.com\/tr\/#breadcrumb","itemListElement":[{"@type":"ListItem","position":1,"name":"Home","item":"https:\/\/www.ibisistanbultuzla.com\/tr\/"},{"@type":"ListItem","position":2,"name":"ibis Istanbul Tuzla"}]},{"@type":"WebSite","@id":"https:\/\/www.ibisistanbultuzla.com\/#website","url":"https:\/\/www.ibisistanbultuzla.com\/","name":"ibis Istanbul Tuzla","description":"","potentialAction":[{"@type":"SearchAction","target":{"@type":"EntryPoint","urlTemplate":"https:\/\/www.ibisistanbultuzla.com\/?s={search_term_string}"},"query-input":{"@type":"PropertyValueSpecification","valueRequired":true,"valueName":"search_term_string"}}],"inLanguage":"tr"}]}},"_links":{"self":[{"href":"https:\/\/www.ibisistanbultuzla.com\/tr\/wp-json\/wp\/v2\/pages\/184","targetHints":{"allow":["GET"]}}],"collection":[{"href":"https:\/\/www.ibisistanbultuzla.com\/tr\/wp-json\/wp\/v2\/pages"}],"about":[{"href":"https:\/\/www.ibisistanbultuzla.com\/tr\/wp-json\/wp\/v2\/types\/page"}],"author":[{"embeddable":true,"href":"https:\/\/www.ibisistanbultuzla.com\/tr\/wp-json\/wp\/v2\/users\/50"}],"replies":[{"embeddable":true,"href":"https:\/\/www.ibisistanbultuzla.com\/tr\/wp-json\/wp\/v2\/comments?post=184"}],"version-history":[{"count":1,"href":"https:\/\/www.ibisistanbultuzla.com\/tr\/wp-json\/wp\/v2\/pages\/184\/revisions"}],"predecessor-version":[{"id":532,"href":"https:\/\/www.ibisistanbultuzla.com\/tr\/wp-json\/wp\/v2\/pages\/184\/revisions\/532"}],"wp:attachment":[{"href":"https:\/\/www.ibisistanbultuzla.com\/tr\/wp-json\/wp\/v2\/media?parent=184"}],"wp:term":[{"taxonomy":"category","embeddable":true,"href":"https:\/\/www.ibisistanbultuzla.com\/tr\/wp-json\/wp\/v2\/categories?post=184"}],"curies":[{"name":"wp","href":"https:\/\/api.w.org\/{rel}","templated":true}]}}