{"id":239,"date":"2024-01-28T22:09:37","date_gmt":"2024-01-28T22:09:37","guid":{"rendered":"https:\/\/ibis-istanbul-tuzla.accorv2prod.decms.eu\/gallery\/"},"modified":"2024-02-02T13:18:59","modified_gmt":"2024-02-02T13:18:59","slug":"galeri","status":"publish","type":"page","link":"https:\/\/www.ibisistanbultuzla.com\/tr\/galeri\/","title":{"rendered":"Galeri"},"content":{"rendered":"<p>Ibis Tuzla Hotel&#8217;in g\u00f6rsel galerisinde sizi modern tasar\u0131ml\u0131 odalar, lezzetli restoranlar ve keyifli atmosfer bekliyor. Konforu ve \u015f\u0131kl\u0131\u011f\u0131 bir arada ke\u015ffedin. G\u00f6z at\u0131n ve unutulmaz bir konaklama i\u00e7in bizimle rezervasyon yap\u0131n<\/p>\n","protected":false},"excerpt":{"rendered":"<p>Ibis Tuzla Hotel&#8217;in g\u00f6rsel galerisinde sizi modern tasar\u0131ml\u0131 odalar, lezzetli restoranlar ve keyifli atmosfer bekliyor. Konforu ve \u015f\u0131kl\u0131\u011f\u0131 bir arada ke\u015ffedin. G\u00f6z at\u0131n ve unutulmaz bir konaklama i\u00e7in bizimle rezervasyon yap\u0131n<\/p>\n","protected":false},"author":50,"featured_media":0,"parent":0,"menu_order":120,"comment_status":"closed","ping_status":"closed","template":"template-gallery.php","meta":{"footnotes":""},"categories":[],"class_list":["post-239","page","type-page","status-publish","hentry"],"acf":[],"yoast_head":"<!-- This site is optimized with the Yoast SEO plugin v26.9 - https:\/\/yoast.com\/product\/yoast-seo-wordpress\/ -->\n<title>Modern Konfor ve \u015e\u0131kl\u0131\u011f\u0131 Ke\u015ffedin: Ibis Tuzla Hotel Foto Galerisi<\/title>\n<meta name=\"description\" content=\"Modern konfor ve \u015f\u0131kl\u0131k \u00f6ne \u00e7\u0131k\u0131yor! Ibis Tuzla Hotel&#039;in foto\u011fraf galerisini ke\u015ffedin. Unutulmaz bir konaklama i\u00e7in hemen rezervasyon yap\u0131n!\" \/>\n<meta name=\"robots\" content=\"index, follow, max-snippet:-1, max-image-preview:large, max-video-preview:-1\" \/>\n<link rel=\"canonical\" href=\"https:\/\/www.ibisistanbultuzla.com\/tr\/galeri\/\" \/>\n<meta property=\"og:locale\" content=\"tr_TR\" \/>\n<meta property=\"og:type\" content=\"article\" \/>\n<meta property=\"og:title\" content=\"Modern Konfor ve \u015e\u0131kl\u0131\u011f\u0131 Ke\u015ffedin: Ibis Tuzla Hotel Foto Galerisi\" \/>\n<meta property=\"og:description\" content=\"Modern konfor ve \u015f\u0131kl\u0131k \u00f6ne \u00e7\u0131k\u0131yor! Ibis Tuzla Hotel&#039;in foto\u011fraf galerisini ke\u015ffedin. Unutulmaz bir konaklama i\u00e7in hemen rezervasyon yap\u0131n!\" \/>\n<meta property=\"og:url\" content=\"https:\/\/www.ibisistanbultuzla.com\/tr\/galeri\/\" \/>\n<meta property=\"og:site_name\" content=\"ibis Istanbul Tuzla\" \/>\n<meta property=\"article:publisher\" content=\"https:\/\/www.facebook.com\/ibisistanbultuzla\" \/>\n<meta property=\"article:modified_time\" content=\"2024-02-02T13:18:59+00:00\" \/>\n<meta name=\"twitter:card\" content=\"summary_large_image\" \/>\n<meta name=\"twitter:label1\" content=\"Tahmini okuma s\u00fcresi\" \/>\n\t<meta name=\"twitter:data1\" content=\"1 dakika\" \/>\n<script type=\"application\/ld+json\" class=\"yoast-schema-graph\">{\"@context\":\"https:\/\/schema.org\",\"@graph\":[{\"@type\":\"WebPage\",\"@id\":\"https:\/\/www.ibisistanbultuzla.com\/tr\/galeri\/\",\"url\":\"https:\/\/www.ibisistanbultuzla.com\/tr\/galeri\/\",\"name\":\"Modern Konfor ve \u015e\u0131kl\u0131\u011f\u0131 Ke\u015ffedin: Ibis Tuzla Hotel Foto Galerisi\",\"isPartOf\":{\"@id\":\"https:\/\/www.ibisistanbultuzla.com\/#website\"},\"datePublished\":\"2024-01-28T22:09:37+00:00\",\"dateModified\":\"2024-02-02T13:18:59+00:00\",\"description\":\"Modern konfor ve \u015f\u0131kl\u0131k \u00f6ne \u00e7\u0131k\u0131yor! Ibis Tuzla Hotel'in foto\u011fraf galerisini ke\u015ffedin. Unutulmaz bir konaklama i\u00e7in hemen rezervasyon yap\u0131n!\",\"breadcrumb\":{\"@id\":\"https:\/\/www.ibisistanbultuzla.com\/tr\/galeri\/#breadcrumb\"},\"inLanguage\":\"tr\",\"potentialAction\":[{\"@type\":\"ReadAction\",\"target\":[\"https:\/\/www.ibisistanbultuzla.com\/tr\/galeri\/\"]}]},{\"@type\":\"BreadcrumbList\",\"@id\":\"https:\/\/www.ibisistanbultuzla.com\/tr\/galeri\/#breadcrumb\",\"itemListElement\":[{\"@type\":\"ListItem\",\"position\":1,\"name\":\"Home\",\"item\":\"https:\/\/www.ibisistanbultuzla.com\/tr\/\"},{\"@type\":\"ListItem\",\"position\":2,\"name\":\"Galeri\"}]},{\"@type\":\"WebSite\",\"@id\":\"https:\/\/www.ibisistanbultuzla.com\/#website\",\"url\":\"https:\/\/www.ibisistanbultuzla.com\/\",\"name\":\"ibis Istanbul Tuzla\",\"description\":\"\",\"potentialAction\":[{\"@type\":\"SearchAction\",\"target\":{\"@type\":\"EntryPoint\",\"urlTemplate\":\"https:\/\/www.ibisistanbultuzla.com\/?s={search_term_string}\"},\"query-input\":{\"@type\":\"PropertyValueSpecification\",\"valueRequired\":true,\"valueName\":\"search_term_string\"}}],\"inLanguage\":\"tr\"}]}<\/script>\n<!-- \/ Yoast SEO plugin. -->","yoast_head_json":{"title":"Modern Konfor ve \u015e\u0131kl\u0131\u011f\u0131 Ke\u015ffedin: Ibis Tuzla Hotel Foto Galerisi","description":"Modern konfor ve \u015f\u0131kl\u0131k \u00f6ne \u00e7\u0131k\u0131yor! Ibis Tuzla Hotel'in foto\u011fraf galerisini ke\u015ffedin. Unutulmaz bir konaklama i\u00e7in hemen rezervasyon yap\u0131n!","robots":{"index":"index","follow":"follow","max-snippet":"max-snippet:-1","max-image-preview":"max-image-preview:large","max-video-preview":"max-video-preview:-1"},"canonical":"https:\/\/www.ibisistanbultuzla.com\/tr\/galeri\/","og_locale":"tr_TR","og_type":"article","og_title":"Modern Konfor ve \u015e\u0131kl\u0131\u011f\u0131 Ke\u015ffedin: Ibis Tuzla Hotel Foto Galerisi","og_description":"Modern konfor ve \u015f\u0131kl\u0131k \u00f6ne \u00e7\u0131k\u0131yor! Ibis Tuzla Hotel'in foto\u011fraf galerisini ke\u015ffedin. Unutulmaz bir konaklama i\u00e7in hemen rezervasyon yap\u0131n!","og_url":"https:\/\/www.ibisistanbultuzla.com\/tr\/galeri\/","og_site_name":"ibis Istanbul Tuzla","article_publisher":"https:\/\/www.facebook.com\/ibisistanbultuzla","article_modified_time":"2024-02-02T13:18:59+00:00","twitter_card":"summary_large_image","twitter_misc":{"Tahmini okuma s\u00fcresi":"1 dakika"},"schema":{"@context":"https:\/\/schema.org","@graph":[{"@type":"WebPage","@id":"https:\/\/www.ibisistanbultuzla.com\/tr\/galeri\/","url":"https:\/\/www.ibisistanbultuzla.com\/tr\/galeri\/","name":"Modern Konfor ve \u015e\u0131kl\u0131\u011f\u0131 Ke\u015ffedin: Ibis Tuzla Hotel Foto Galerisi","isPartOf":{"@id":"https:\/\/www.ibisistanbultuzla.com\/#website"},"datePublished":"2024-01-28T22:09:37+00:00","dateModified":"2024-02-02T13:18:59+00:00","description":"Modern konfor ve \u015f\u0131kl\u0131k \u00f6ne \u00e7\u0131k\u0131yor! Ibis Tuzla Hotel'in foto\u011fraf galerisini ke\u015ffedin. Unutulmaz bir konaklama i\u00e7in hemen rezervasyon yap\u0131n!","breadcrumb":{"@id":"https:\/\/www.ibisistanbultuzla.com\/tr\/galeri\/#breadcrumb"},"inLanguage":"tr","potentialAction":[{"@type":"ReadAction","target":["https:\/\/www.ibisistanbultuzla.com\/tr\/galeri\/"]}]},{"@type":"BreadcrumbList","@id":"https:\/\/www.ibisistanbultuzla.com\/tr\/galeri\/#breadcrumb","itemListElement":[{"@type":"ListItem","position":1,"name":"Home","item":"https:\/\/www.ibisistanbultuzla.com\/tr\/"},{"@type":"ListItem","position":2,"name":"Galeri"}]},{"@type":"WebSite","@id":"https:\/\/www.ibisistanbultuzla.com\/#website","url":"https:\/\/www.ibisistanbultuzla.com\/","name":"ibis Istanbul Tuzla","description":"","potentialAction":[{"@type":"SearchAction","target":{"@type":"EntryPoint","urlTemplate":"https:\/\/www.ibisistanbultuzla.com\/?s={search_term_string}"},"query-input":{"@type":"PropertyValueSpecification","valueRequired":true,"valueName":"search_term_string"}}],"inLanguage":"tr"}]}},"_links":{"self":[{"href":"https:\/\/www.ibisistanbultuzla.com\/tr\/wp-json\/wp\/v2\/pages\/239","targetHints":{"allow":["GET"]}}],"collection":[{"href":"https:\/\/www.ibisistanbultuzla.com\/tr\/wp-json\/wp\/v2\/pages"}],"about":[{"href":"https:\/\/www.ibisistanbultuzla.com\/tr\/wp-json\/wp\/v2\/types\/page"}],"author":[{"embeddable":true,"href":"https:\/\/www.ibisistanbultuzla.com\/tr\/wp-json\/wp\/v2\/users\/50"}],"replies":[{"embeddable":true,"href":"https:\/\/www.ibisistanbultuzla.com\/tr\/wp-json\/wp\/v2\/comments?post=239"}],"version-history":[{"count":0,"href":"https:\/\/www.ibisistanbultuzla.com\/tr\/wp-json\/wp\/v2\/pages\/239\/revisions"}],"wp:attachment":[{"href":"https:\/\/www.ibisistanbultuzla.com\/tr\/wp-json\/wp\/v2\/media?parent=239"}],"wp:term":[{"taxonomy":"category","embeddable":true,"href":"https:\/\/www.ibisistanbultuzla.com\/tr\/wp-json\/wp\/v2\/categories?post=239"}],"curies":[{"name":"wp","href":"https:\/\/api.w.org\/{rel}","templated":true}]}}