{"id":275,"date":"2024-02-07T00:09:25","date_gmt":"2024-02-07T00:09:25","guid":{"rendered":"https:\/\/www.ibisistanbultuzla.com\/?page_id=275"},"modified":"2026-03-26T21:43:12","modified_gmt":"2026-03-26T21:43:12","slug":"dugun","status":"publish","type":"page","link":"https:\/\/www.ibisistanbultuzla.com\/tr\/dugun\/","title":{"rendered":"D\u00fc\u011f\u00fcn"},"content":{"rendered":"<p>Tuzla&#8217;n\u0131n incisi, \u0130bis Tuzla Hotel, unutulmaz d\u00fc\u011f\u00fcnler i\u00e7in ideal bir mek\u00e2n sunuyor: K\u0131r bah\u00e7esi! Do\u011fan\u0131n zarafetiyle b\u00fct\u00fcnle\u015fen bu \u00f6zel mek\u00e2n, hayallerinizdeki d\u00fc\u011f\u00fcn\u00fc ger\u00e7e\u011fe d\u00f6n\u00fc\u015ft\u00fcrmek i\u00e7in tasarland\u0131. \u0130deal bir atmosferde, 330 ki\u015fiye kadar misafiri a\u011f\u0131rlama kapasitesiyle, sevdiklerinizle payla\u015faca\u011f\u0131n\u0131z en \u00f6zel g\u00fcn\u00fc unutulmaz k\u0131l\u0131yoruz.<\/p>\n<p>\u0130bis Tuzla Hotel&#8217;in k\u0131r bah\u00e7esi d\u00fc\u011f\u00fcn mek\u00e2n\u0131, do\u011fan\u0131n sakinli\u011fi ve modern konforun m\u00fckemmel bir kombinasyonunu sunuyor. Ye\u015filin bin bir tonu aras\u0131nda, sevdiklerinizle birlikte \u00f6m\u00fcr boyu s\u00fcrecek an\u0131lar olu\u015fturabilirsiniz. Profesyonel ekibimiz, her detay\u0131 \u00f6zenle planlayarak, sizin i\u00e7in en \u00f6zel g\u00fcn\u00fc kusursuz k\u0131lmak i\u00e7in yan\u0131n\u0131zda olacak.<\/p>\n<p>D\u00fc\u011f\u00fcn\u00fcn\u00fcz\u00fc planlamak art\u0131k daha kolay! \u0130bis Tuzla Hotel&#8217;in k\u0131r bah\u00e7esi d\u00fc\u011f\u00fcn mek\u00e2n\u0131, ula\u015f\u0131labilirli\u011fi ve konforuyla \u00f6ne \u00e7\u0131k\u0131yor. Konuklar\u0131n\u0131zla birlikte keyifli bir g\u00fcn ge\u00e7irmenin tad\u0131n\u0131 \u00e7\u0131kar\u0131rken, foto\u011fraf ve video \u00e7ekimleri i\u00e7in muhte\u015fem bir arka plan sunuyoruz. Ayr\u0131ca, lezzetli men\u00fclerimizle damaklar\u0131 \u015fenlendiriyor, unutulmaz bir ziyafet sunuyoruz.<\/p>\n<p>&nbsp;<\/p>\n<p style=\"text-align: center\"><strong>ALL Sadakat Program\u0131 ile Etkinliklerinizden \u00d6d\u00fcl Puanlar\u0131 Kazan\u0131n !<\/strong><\/p>\n<p style=\"text-align: center\">ALL Meetings &amp; Events&#8217;e kat\u0131l\u0131n ve her etkinlik d\u00fczenledi\u011finizde puan kazan\u0131n. \u0130htiyac\u0131n\u0131z olan yerde, istedi\u011finiz zaman \u00e7al\u0131\u015fma alanlar\u0131 ay\u0131rt\u0131n veya konaklay\u0131n.<\/p>\n<h3 class=\"ui-heading-03\" style=\"text-align: center\">2 euro harcama = 1 \u00d6d\u00fcl Puan\u0131<\/h3>\n<p style=\"text-align: center\"><b>Detayl\u0131 bilgi i\u00e7in <a href=\"https:\/\/all.accor.com\/a\/tr\/offers\/choice-is-yours-meaasia.html\" target=\"_blank\" rel=\"noopener\">All Meeting &amp; Events<\/a> sayfas\u0131n\u0131 ziyaret edin, veya <a href=\"https:\/\/www.ibisistanbultuzla.com\/tr\/iletisim\/\" target=\"_blank\" rel=\"noopener\">bize ula\u015f\u0131n.<\/a><\/b><\/p>\n","protected":false},"excerpt":{"rendered":"<p>Tuzla&#8217;n\u0131n incisi, \u0130bis Tuzla Hotel, unutulmaz d\u00fc\u011f\u00fcnler i\u00e7in ideal bir mek\u00e2n sunuyor: K\u0131r bah\u00e7esi! Do\u011fan\u0131n zarafetiyle b\u00fct\u00fcnle\u015fen bu \u00f6zel mek\u00e2n, hayallerinizdeki d\u00fc\u011f\u00fcn\u00fc ger\u00e7e\u011fe d\u00f6n\u00fc\u015ft\u00fcrmek i\u00e7in tasarland\u0131. \u0130deal bir atmosferde, 330 ki\u015fiye kadar misafiri a\u011f\u0131rlama kapasitesiyle, sevdiklerinizle payla\u015faca\u011f\u0131n\u0131z en \u00f6zel g\u00fcn\u00fc unutulmaz k\u0131l\u0131yoruz. \u0130bis Tuzla Hotel&#8217;in k\u0131r bah\u00e7esi d\u00fc\u011f\u00fcn mek\u00e2n\u0131, do\u011fan\u0131n sakinli\u011fi ve modern konforun m\u00fckemmel [&hellip;]<\/p>\n","protected":false},"author":95,"featured_media":250,"parent":0,"menu_order":0,"comment_status":"closed","ping_status":"closed","template":"","meta":{"footnotes":""},"categories":[],"class_list":["post-275","page","type-page","status-publish","has-post-thumbnail","hentry"],"acf":[],"yoast_head":"<!-- This site is optimized with the Yoast SEO plugin v26.9 - https:\/\/yoast.com\/product\/yoast-seo-wordpress\/ -->\n<title>ibis Istanbul Tuzla &#8211; \u0130stanbul Anadolu Yakas\u0131 K\u0131r D\u00fc\u011f\u00fcn\u00fc<\/title>\n<meta name=\"description\" content=\"Istanbul Anadolu Yakas\u0131&#039;nda d\u00fc\u011f\u00fcn hayallerinizi ger\u00e7e\u011fe d\u00f6n\u00fc\u015ft\u00fcrecek m\u00fckemmel mek\u00e2n! \u0130bis Hotel Tuzla, unutulmaz anlar i\u00e7in ideal se\u00e7im.\" \/>\n<meta name=\"robots\" content=\"index, follow, max-snippet:-1, max-image-preview:large, max-video-preview:-1\" \/>\n<link rel=\"canonical\" href=\"https:\/\/www.ibisistanbultuzla.com\/tr\/dugun\/\" \/>\n<meta property=\"og:locale\" content=\"tr_TR\" \/>\n<meta property=\"og:type\" content=\"article\" \/>\n<meta property=\"og:title\" content=\"ibis Istanbul Tuzla &#8211; \u0130stanbul Anadolu Yakas\u0131 K\u0131r D\u00fc\u011f\u00fcn\u00fc\" \/>\n<meta property=\"og:description\" content=\"Istanbul Anadolu Yakas\u0131&#039;nda d\u00fc\u011f\u00fcn hayallerinizi ger\u00e7e\u011fe d\u00f6n\u00fc\u015ft\u00fcrecek m\u00fckemmel mek\u00e2n! \u0130bis Hotel Tuzla, unutulmaz anlar i\u00e7in ideal se\u00e7im.\" \/>\n<meta property=\"og:url\" content=\"https:\/\/www.ibisistanbultuzla.com\/tr\/dugun\/\" \/>\n<meta property=\"og:site_name\" content=\"ibis Istanbul Tuzla\" \/>\n<meta property=\"article:publisher\" content=\"https:\/\/www.facebook.com\/ibisistanbultuzla\" \/>\n<meta property=\"article:modified_time\" content=\"2026-03-26T21:43:12+00:00\" \/>\n<meta property=\"og:image\" content=\"https:\/\/www.ibisistanbultuzla.com\/wp-content\/uploads\/sites\/83\/2024\/02\/GUVN4174.jpg\" \/>\n\t<meta property=\"og:image:width\" content=\"2560\" \/>\n\t<meta property=\"og:image:height\" content=\"1707\" \/>\n\t<meta property=\"og:image:type\" content=\"image\/jpeg\" \/>\n<meta name=\"twitter:card\" content=\"summary_large_image\" \/>\n<meta name=\"twitter:label1\" content=\"Tahmini okuma s\u00fcresi\" \/>\n\t<meta name=\"twitter:data1\" content=\"1 dakika\" \/>\n<script type=\"application\/ld+json\" class=\"yoast-schema-graph\">{\"@context\":\"https:\/\/schema.org\",\"@graph\":[{\"@type\":\"WebPage\",\"@id\":\"https:\/\/www.ibisistanbultuzla.com\/tr\/dugun\/\",\"url\":\"https:\/\/www.ibisistanbultuzla.com\/tr\/dugun\/\",\"name\":\"ibis Istanbul Tuzla &#8211; \u0130stanbul Anadolu Yakas\u0131 K\u0131r D\u00fc\u011f\u00fcn\u00fc\",\"isPartOf\":{\"@id\":\"https:\/\/www.ibisistanbultuzla.com\/#website\"},\"primaryImageOfPage\":{\"@id\":\"https:\/\/www.ibisistanbultuzla.com\/tr\/dugun\/#primaryimage\"},\"image\":{\"@id\":\"https:\/\/www.ibisistanbultuzla.com\/tr\/dugun\/#primaryimage\"},\"thumbnailUrl\":\"https:\/\/www.ibisistanbultuzla.com\/wp-content\/uploads\/sites\/83\/2024\/02\/GUVN4174.jpg\",\"datePublished\":\"2024-02-07T00:09:25+00:00\",\"dateModified\":\"2026-03-26T21:43:12+00:00\",\"description\":\"Istanbul Anadolu Yakas\u0131'nda d\u00fc\u011f\u00fcn hayallerinizi ger\u00e7e\u011fe d\u00f6n\u00fc\u015ft\u00fcrecek m\u00fckemmel mek\u00e2n! \u0130bis Hotel Tuzla, unutulmaz anlar i\u00e7in ideal se\u00e7im.\",\"breadcrumb\":{\"@id\":\"https:\/\/www.ibisistanbultuzla.com\/tr\/dugun\/#breadcrumb\"},\"inLanguage\":\"tr\",\"potentialAction\":[{\"@type\":\"ReadAction\",\"target\":[\"https:\/\/www.ibisistanbultuzla.com\/tr\/dugun\/\"]}]},{\"@type\":\"ImageObject\",\"inLanguage\":\"tr\",\"@id\":\"https:\/\/www.ibisistanbultuzla.com\/tr\/dugun\/#primaryimage\",\"url\":\"https:\/\/www.ibisistanbultuzla.com\/wp-content\/uploads\/sites\/83\/2024\/02\/GUVN4174.jpg\",\"contentUrl\":\"https:\/\/www.ibisistanbultuzla.com\/wp-content\/uploads\/sites\/83\/2024\/02\/GUVN4174.jpg\",\"width\":2560,\"height\":1707,\"caption\":\"ibis tuzla dugun gorseli\"},{\"@type\":\"BreadcrumbList\",\"@id\":\"https:\/\/www.ibisistanbultuzla.com\/tr\/dugun\/#breadcrumb\",\"itemListElement\":[{\"@type\":\"ListItem\",\"position\":1,\"name\":\"Home\",\"item\":\"https:\/\/www.ibisistanbultuzla.com\/tr\/\"},{\"@type\":\"ListItem\",\"position\":2,\"name\":\"D\u00fc\u011f\u00fcn\"}]},{\"@type\":\"WebSite\",\"@id\":\"https:\/\/www.ibisistanbultuzla.com\/#website\",\"url\":\"https:\/\/www.ibisistanbultuzla.com\/\",\"name\":\"ibis Istanbul Tuzla\",\"description\":\"\",\"potentialAction\":[{\"@type\":\"SearchAction\",\"target\":{\"@type\":\"EntryPoint\",\"urlTemplate\":\"https:\/\/www.ibisistanbultuzla.com\/?s={search_term_string}\"},\"query-input\":{\"@type\":\"PropertyValueSpecification\",\"valueRequired\":true,\"valueName\":\"search_term_string\"}}],\"inLanguage\":\"tr\"}]}<\/script>\n<!-- \/ Yoast SEO plugin. -->","yoast_head_json":{"title":"ibis Istanbul Tuzla &#8211; \u0130stanbul Anadolu Yakas\u0131 K\u0131r D\u00fc\u011f\u00fcn\u00fc","description":"Istanbul Anadolu Yakas\u0131'nda d\u00fc\u011f\u00fcn hayallerinizi ger\u00e7e\u011fe d\u00f6n\u00fc\u015ft\u00fcrecek m\u00fckemmel mek\u00e2n! \u0130bis Hotel Tuzla, unutulmaz anlar i\u00e7in ideal se\u00e7im.","robots":{"index":"index","follow":"follow","max-snippet":"max-snippet:-1","max-image-preview":"max-image-preview:large","max-video-preview":"max-video-preview:-1"},"canonical":"https:\/\/www.ibisistanbultuzla.com\/tr\/dugun\/","og_locale":"tr_TR","og_type":"article","og_title":"ibis Istanbul Tuzla &#8211; \u0130stanbul Anadolu Yakas\u0131 K\u0131r D\u00fc\u011f\u00fcn\u00fc","og_description":"Istanbul Anadolu Yakas\u0131'nda d\u00fc\u011f\u00fcn hayallerinizi ger\u00e7e\u011fe d\u00f6n\u00fc\u015ft\u00fcrecek m\u00fckemmel mek\u00e2n! \u0130bis Hotel Tuzla, unutulmaz anlar i\u00e7in ideal se\u00e7im.","og_url":"https:\/\/www.ibisistanbultuzla.com\/tr\/dugun\/","og_site_name":"ibis Istanbul Tuzla","article_publisher":"https:\/\/www.facebook.com\/ibisistanbultuzla","article_modified_time":"2026-03-26T21:43:12+00:00","og_image":[{"width":2560,"height":1707,"url":"https:\/\/www.ibisistanbultuzla.com\/wp-content\/uploads\/sites\/83\/2024\/02\/GUVN4174.jpg","type":"image\/jpeg"}],"twitter_card":"summary_large_image","twitter_misc":{"Tahmini okuma s\u00fcresi":"1 dakika"},"schema":{"@context":"https:\/\/schema.org","@graph":[{"@type":"WebPage","@id":"https:\/\/www.ibisistanbultuzla.com\/tr\/dugun\/","url":"https:\/\/www.ibisistanbultuzla.com\/tr\/dugun\/","name":"ibis Istanbul Tuzla &#8211; \u0130stanbul Anadolu Yakas\u0131 K\u0131r D\u00fc\u011f\u00fcn\u00fc","isPartOf":{"@id":"https:\/\/www.ibisistanbultuzla.com\/#website"},"primaryImageOfPage":{"@id":"https:\/\/www.ibisistanbultuzla.com\/tr\/dugun\/#primaryimage"},"image":{"@id":"https:\/\/www.ibisistanbultuzla.com\/tr\/dugun\/#primaryimage"},"thumbnailUrl":"https:\/\/www.ibisistanbultuzla.com\/wp-content\/uploads\/sites\/83\/2024\/02\/GUVN4174.jpg","datePublished":"2024-02-07T00:09:25+00:00","dateModified":"2026-03-26T21:43:12+00:00","description":"Istanbul Anadolu Yakas\u0131'nda d\u00fc\u011f\u00fcn hayallerinizi ger\u00e7e\u011fe d\u00f6n\u00fc\u015ft\u00fcrecek m\u00fckemmel mek\u00e2n! \u0130bis Hotel Tuzla, unutulmaz anlar i\u00e7in ideal se\u00e7im.","breadcrumb":{"@id":"https:\/\/www.ibisistanbultuzla.com\/tr\/dugun\/#breadcrumb"},"inLanguage":"tr","potentialAction":[{"@type":"ReadAction","target":["https:\/\/www.ibisistanbultuzla.com\/tr\/dugun\/"]}]},{"@type":"ImageObject","inLanguage":"tr","@id":"https:\/\/www.ibisistanbultuzla.com\/tr\/dugun\/#primaryimage","url":"https:\/\/www.ibisistanbultuzla.com\/wp-content\/uploads\/sites\/83\/2024\/02\/GUVN4174.jpg","contentUrl":"https:\/\/www.ibisistanbultuzla.com\/wp-content\/uploads\/sites\/83\/2024\/02\/GUVN4174.jpg","width":2560,"height":1707,"caption":"ibis tuzla dugun gorseli"},{"@type":"BreadcrumbList","@id":"https:\/\/www.ibisistanbultuzla.com\/tr\/dugun\/#breadcrumb","itemListElement":[{"@type":"ListItem","position":1,"name":"Home","item":"https:\/\/www.ibisistanbultuzla.com\/tr\/"},{"@type":"ListItem","position":2,"name":"D\u00fc\u011f\u00fcn"}]},{"@type":"WebSite","@id":"https:\/\/www.ibisistanbultuzla.com\/#website","url":"https:\/\/www.ibisistanbultuzla.com\/","name":"ibis Istanbul Tuzla","description":"","potentialAction":[{"@type":"SearchAction","target":{"@type":"EntryPoint","urlTemplate":"https:\/\/www.ibisistanbultuzla.com\/?s={search_term_string}"},"query-input":{"@type":"PropertyValueSpecification","valueRequired":true,"valueName":"search_term_string"}}],"inLanguage":"tr"}]}},"_links":{"self":[{"href":"https:\/\/www.ibisistanbultuzla.com\/tr\/wp-json\/wp\/v2\/pages\/275","targetHints":{"allow":["GET"]}}],"collection":[{"href":"https:\/\/www.ibisistanbultuzla.com\/tr\/wp-json\/wp\/v2\/pages"}],"about":[{"href":"https:\/\/www.ibisistanbultuzla.com\/tr\/wp-json\/wp\/v2\/types\/page"}],"author":[{"embeddable":true,"href":"https:\/\/www.ibisistanbultuzla.com\/tr\/wp-json\/wp\/v2\/users\/95"}],"replies":[{"embeddable":true,"href":"https:\/\/www.ibisistanbultuzla.com\/tr\/wp-json\/wp\/v2\/comments?post=275"}],"version-history":[{"count":2,"href":"https:\/\/www.ibisistanbultuzla.com\/tr\/wp-json\/wp\/v2\/pages\/275\/revisions"}],"predecessor-version":[{"id":501,"href":"https:\/\/www.ibisistanbultuzla.com\/tr\/wp-json\/wp\/v2\/pages\/275\/revisions\/501"}],"wp:featuredmedia":[{"embeddable":true,"href":"https:\/\/www.ibisistanbultuzla.com\/tr\/wp-json\/wp\/v2\/media\/250"}],"wp:attachment":[{"href":"https:\/\/www.ibisistanbultuzla.com\/tr\/wp-json\/wp\/v2\/media?parent=275"}],"wp:term":[{"taxonomy":"category","embeddable":true,"href":"https:\/\/www.ibisistanbultuzla.com\/tr\/wp-json\/wp\/v2\/categories?post=275"}],"curies":[{"name":"wp","href":"https:\/\/api.w.org\/{rel}","templated":true}]}}